{"id":1108,"date":"2018-07-06T05:13:33","date_gmt":"2018-07-06T05:13:33","guid":{"rendered":"http:\/\/hubertusherrensohr.de\/?page_id=1108"},"modified":"2018-07-11T09:56:12","modified_gmt":"2018-07-11T09:56:12","slug":"renovierung-50m-stand","status":"publish","type":"page","link":"https:\/\/hubertusherrensohr.de\/?page_id=1108","title":{"rendered":"Renovierung 50m Stand"},"content":{"rendered":"<p><em><strong>Trockenlegung des 50m Standen im Jahr 2014<\/strong><\/em><\/p>\n<p><img loading=\"lazy\" decoding=\"async\" class=\"aligncenter size-full wp-image-1137\" src=\"https:\/\/hubertusherrensohr.de\/wp-content\/uploads\/2018\/07\/Sch\u00fctzenhaus-Herrensohr0001.jpg\" alt=\"\" width=\"640\" height=\"480\" srcset=\"https:\/\/hubertusherrensohr.de\/wp-content\/uploads\/2018\/07\/Sch\u00fctzenhaus-Herrensohr0001.jpg 640w, https:\/\/hubertusherrensohr.de\/wp-content\/uploads\/2018\/07\/Sch\u00fctzenhaus-Herrensohr0001-300x225.jpg 300w\" sizes=\"auto, (max-width: 640px) 100vw, 640px\" \/><\/p>\n<p>Zustand zu Beginn der Bauma\u00dfnahme<\/p>\n<p><img loading=\"lazy\" decoding=\"async\" class=\"aligncenter size-full wp-image-1139\" src=\"https:\/\/hubertusherrensohr.de\/wp-content\/uploads\/2018\/07\/Sch\u00fctzenhaus-Herrensohr0009.jpg\" alt=\"\" width=\"640\" height=\"480\" srcset=\"https:\/\/hubertusherrensohr.de\/wp-content\/uploads\/2018\/07\/Sch\u00fctzenhaus-Herrensohr0009.jpg 640w, https:\/\/hubertusherrensohr.de\/wp-content\/uploads\/2018\/07\/Sch\u00fctzenhaus-Herrensohr0009-300x225.jpg 300w\" sizes=\"auto, (max-width: 640px) 100vw, 640px\" \/><\/p>\n<p><img loading=\"lazy\" decoding=\"async\" class=\"aligncenter size-full wp-image-1133\" src=\"https:\/\/hubertusherrensohr.de\/wp-content\/uploads\/2018\/07\/Sch\u00fctzenhaus-Herrensohr0015.jpg\" alt=\"\" width=\"640\" height=\"480\" srcset=\"https:\/\/hubertusherrensohr.de\/wp-content\/uploads\/2018\/07\/Sch\u00fctzenhaus-Herrensohr0015.jpg 640w, https:\/\/hubertusherrensohr.de\/wp-content\/uploads\/2018\/07\/Sch\u00fctzenhaus-Herrensohr0015-300x225.jpg 300w\" sizes=\"auto, (max-width: 640px) 100vw, 640px\" \/><\/p>\n<p><img loading=\"lazy\" decoding=\"async\" class=\"aligncenter size-full wp-image-1130\" src=\"https:\/\/hubertusherrensohr.de\/wp-content\/uploads\/2018\/07\/IMG_3603.jpg\" alt=\"\" width=\"480\" height=\"480\" srcset=\"https:\/\/hubertusherrensohr.de\/wp-content\/uploads\/2018\/07\/IMG_3603.jpg 480w, https:\/\/hubertusherrensohr.de\/wp-content\/uploads\/2018\/07\/IMG_3603-150x150.jpg 150w, https:\/\/hubertusherrensohr.de\/wp-content\/uploads\/2018\/07\/IMG_3603-300x300.jpg 300w, https:\/\/hubertusherrensohr.de\/wp-content\/uploads\/2018\/07\/IMG_3603-100x100.jpg 100w\" sizes=\"auto, (max-width: 480px) 100vw, 480px\" \/><\/p>\n<p>Zun\u00e4chst wurde neben dem 50m Stand das Erdreich abgetragen und ein tiefer Graben angelegt, damit das Wasser aus dem 50m Stand zu einem tieferen Punkt unter der Mauer flie\u00dfen kann.<\/p>\n<p><img loading=\"lazy\" decoding=\"async\" class=\"aligncenter size-full wp-image-1143\" src=\"https:\/\/hubertusherrensohr.de\/wp-content\/uploads\/2018\/07\/IMG_3617.jpg\" alt=\"\" width=\"360\" height=\"480\" srcset=\"https:\/\/hubertusherrensohr.de\/wp-content\/uploads\/2018\/07\/IMG_3617.jpg 360w, https:\/\/hubertusherrensohr.de\/wp-content\/uploads\/2018\/07\/IMG_3617-225x300.jpg 225w\" sizes=\"auto, (max-width: 360px) 100vw, 360px\" \/><\/p>\n<p>Im Graben wurde eine Drainagenleitung eingepackt in Drainagenkies und Vlies, damit das Wasser gesammelt und gezielt in einen Schacht abgeleitet werden kann.<\/p>\n<p><img loading=\"lazy\" decoding=\"async\" class=\"aligncenter size-full wp-image-1148\" src=\"https:\/\/hubertusherrensohr.de\/wp-content\/uploads\/2018\/07\/IMG_3619.jpg\" alt=\"\" width=\"360\" height=\"480\" srcset=\"https:\/\/hubertusherrensohr.de\/wp-content\/uploads\/2018\/07\/IMG_3619.jpg 360w, https:\/\/hubertusherrensohr.de\/wp-content\/uploads\/2018\/07\/IMG_3619-225x300.jpg 225w\" sizes=\"auto, (max-width: 360px) 100vw, 360px\" \/><\/p>\n<p><img loading=\"lazy\" decoding=\"async\" class=\"aligncenter size-full wp-image-1147\" src=\"https:\/\/hubertusherrensohr.de\/wp-content\/uploads\/2018\/07\/IMG_3618.jpg\" alt=\"\" width=\"360\" height=\"480\" srcset=\"https:\/\/hubertusherrensohr.de\/wp-content\/uploads\/2018\/07\/IMG_3618.jpg 360w, https:\/\/hubertusherrensohr.de\/wp-content\/uploads\/2018\/07\/IMG_3618-225x300.jpg 225w\" sizes=\"auto, (max-width: 360px) 100vw, 360px\" \/><\/p>\n<p><img loading=\"lazy\" decoding=\"async\" class=\"aligncenter size-full wp-image-1145\" src=\"https:\/\/hubertusherrensohr.de\/wp-content\/uploads\/2018\/07\/IMG_3645.jpg\" alt=\"\" width=\"360\" height=\"480\" srcset=\"https:\/\/hubertusherrensohr.de\/wp-content\/uploads\/2018\/07\/IMG_3645.jpg 360w, https:\/\/hubertusherrensohr.de\/wp-content\/uploads\/2018\/07\/IMG_3645-225x300.jpg 225w\" sizes=\"auto, (max-width: 360px) 100vw, 360px\" \/><\/p>\n<p>Schlie\u00dflich wurde der Graben wieder mit Schotter verf\u00fcllt und es entstand unsere sog. Sch\u00fctzenallee.<\/p>\n<p><img loading=\"lazy\" decoding=\"async\" class=\"aligncenter size-full wp-image-1140\" src=\"https:\/\/hubertusherrensohr.de\/wp-content\/uploads\/2018\/07\/IMG_3985.jpg\" alt=\"\" width=\"640\" height=\"480\" srcset=\"https:\/\/hubertusherrensohr.de\/wp-content\/uploads\/2018\/07\/IMG_3985.jpg 640w, https:\/\/hubertusherrensohr.de\/wp-content\/uploads\/2018\/07\/IMG_3985-300x225.jpg 300w\" sizes=\"auto, (max-width: 640px) 100vw, 640px\" \/><\/p>\n<p>Die Mauer zum 50m Stand wurde mit Depron Platten abisoliert, sodass auch zuk\u00fcnftig keine Feuchtigkeit mehr in das Mauerwerk dringen kann.<\/p>\n<p><img loading=\"lazy\" decoding=\"async\" class=\"aligncenter size-full wp-image-1141\" src=\"https:\/\/hubertusherrensohr.de\/wp-content\/uploads\/2018\/07\/IMG_3983.jpg\" alt=\"\" width=\"640\" height=\"480\" srcset=\"https:\/\/hubertusherrensohr.de\/wp-content\/uploads\/2018\/07\/IMG_3983.jpg 640w, https:\/\/hubertusherrensohr.de\/wp-content\/uploads\/2018\/07\/IMG_3983-300x225.jpg 300w\" sizes=\"auto, (max-width: 640px) 100vw, 640px\" \/><\/p>\n<p>Schlie\u00dflich wurden Verbundsteine gelegt.<\/p>\n<p><img loading=\"lazy\" decoding=\"async\" class=\"aligncenter size-full wp-image-1131\" src=\"https:\/\/hubertusherrensohr.de\/wp-content\/uploads\/2018\/07\/IMG_3642.jpg\" alt=\"\" width=\"640\" height=\"480\" srcset=\"https:\/\/hubertusherrensohr.de\/wp-content\/uploads\/2018\/07\/IMG_3642.jpg 640w, https:\/\/hubertusherrensohr.de\/wp-content\/uploads\/2018\/07\/IMG_3642-300x225.jpg 300w\" sizes=\"auto, (max-width: 640px) 100vw, 640px\" \/><\/p>\n<p>Zum Ende der \u00fcber einj\u00e4hrigen Bauma\u00dfnahme musste das \u00fcber gebliebene Erdreich abgefahren werden.<\/p>\n<p>Danken kann man an dieser Stelle der Firma\u00a0<strong>Markus Dre\u00dfler aus Dudweiler<\/strong>, die f\u00fcr die gesamte Bauma\u00dfnahme die entsprechenden Baumaschinen zur Verf\u00fcgung gestellt hat. Jeden Tag nach Feierabend fanden sich viele flei\u00dfige Vereinsmitglieder ein, um dieses Mamutprojekt zu realisieren.<\/p>\n<p>&nbsp;<\/p>\n","protected":false},"excerpt":{"rendered":"<p>Trockenlegung des 50m Standen im Jahr 2014 Zustand zu Beginn der Bauma\u00dfnahme Zun\u00e4chst wurde neben dem 50m Stand das Erdreich abgetragen und ein tiefer Graben angelegt, damit das Wasser aus &hellip; <\/p>\n<p class=\"link-more\"><a href=\"https:\/\/hubertusherrensohr.de\/?page_id=1108\" class=\"more-link\"><span class=\"screen-reader-text\">\u201eRenovierung 50m Stand\u201c <\/span>weiterlesen<\/a><\/p>\n","protected":false},"author":2,"featured_media":0,"parent":0,"menu_order":0,"comment_status":"closed","ping_status":"closed","template":"","meta":{"footnotes":""},"class_list":["post-1108","page","type-page","status-publish","hentry"],"_links":{"self":[{"href":"https:\/\/hubertusherrensohr.de\/index.php?rest_route=\/wp\/v2\/pages\/1108","targetHints":{"allow":["GET"]}}],"collection":[{"href":"https:\/\/hubertusherrensohr.de\/index.php?rest_route=\/wp\/v2\/pages"}],"about":[{"href":"https:\/\/hubertusherrensohr.de\/index.php?rest_route=\/wp\/v2\/types\/page"}],"author":[{"embeddable":true,"href":"https:\/\/hubertusherrensohr.de\/index.php?rest_route=\/wp\/v2\/users\/2"}],"replies":[{"embeddable":true,"href":"https:\/\/hubertusherrensohr.de\/index.php?rest_route=%2Fwp%2Fv2%2Fcomments&post=1108"}],"version-history":[{"count":5,"href":"https:\/\/hubertusherrensohr.de\/index.php?rest_route=\/wp\/v2\/pages\/1108\/revisions"}],"predecessor-version":[{"id":1167,"href":"https:\/\/hubertusherrensohr.de\/index.php?rest_route=\/wp\/v2\/pages\/1108\/revisions\/1167"}],"wp:attachment":[{"href":"https:\/\/hubertusherrensohr.de\/index.php?rest_route=%2Fwp%2Fv2%2Fmedia&parent=1108"}],"curies":[{"name":"wp","href":"https:\/\/api.w.org\/{rel}","templated":true}]}}