{"id":1113,"date":"2018-07-06T05:15:44","date_gmt":"2018-07-06T05:15:44","guid":{"rendered":"http:\/\/hubertusherrensohr.de\/?page_id=1113"},"modified":"2018-07-06T05:46:57","modified_gmt":"2018-07-06T05:46:57","slug":"renovierung-25m-stand-2014","status":"publish","type":"page","link":"https:\/\/hubertusherrensohr.de\/?page_id=1113","title":{"rendered":"Renovierung 25m Stand 2014"},"content":{"rendered":"<p><strong>Renovierungsma\u00dfnahmen am 25m Stand<\/strong><\/p>\n<p>Um ver\u00e4nderten gesetzlichen Bestimmungen gerecht zu werden, musste die vordere Br\u00fcstung entfernt und ein Bodengeschossfang gebaut werden.<\/p>\n<p><img loading=\"lazy\" decoding=\"async\" class=\"aligncenter size-full wp-image-1122\" src=\"https:\/\/hubertusherrensohr.de\/wp-content\/uploads\/2018\/07\/IMG_3998.jpg\" alt=\"\" width=\"640\" height=\"480\" srcset=\"https:\/\/hubertusherrensohr.de\/wp-content\/uploads\/2018\/07\/IMG_3998.jpg 640w, https:\/\/hubertusherrensohr.de\/wp-content\/uploads\/2018\/07\/IMG_3998-300x225.jpg 300w\" sizes=\"auto, (max-width: 640px) 100vw, 640px\" \/><\/p>\n<p>&nbsp;<\/p>\n<p><img loading=\"lazy\" decoding=\"async\" class=\"aligncenter size-full wp-image-1123\" src=\"https:\/\/hubertusherrensohr.de\/wp-content\/uploads\/2018\/07\/IMG_4007.jpg\" alt=\"\" width=\"640\" height=\"480\" srcset=\"https:\/\/hubertusherrensohr.de\/wp-content\/uploads\/2018\/07\/IMG_4007.jpg 640w, https:\/\/hubertusherrensohr.de\/wp-content\/uploads\/2018\/07\/IMG_4007-300x225.jpg 300w\" sizes=\"auto, (max-width: 640px) 100vw, 640px\" \/><\/p>\n<p>&nbsp;<\/p>\n<p><img loading=\"lazy\" decoding=\"async\" class=\"aligncenter size-full wp-image-1125\" src=\"https:\/\/hubertusherrensohr.de\/wp-content\/uploads\/2018\/07\/IMG_3992.jpg\" alt=\"\" width=\"640\" height=\"480\" srcset=\"https:\/\/hubertusherrensohr.de\/wp-content\/uploads\/2018\/07\/IMG_3992.jpg 640w, https:\/\/hubertusherrensohr.de\/wp-content\/uploads\/2018\/07\/IMG_3992-300x225.jpg 300w\" sizes=\"auto, (max-width: 640px) 100vw, 640px\" \/><\/p>\n<p>&nbsp;<\/p>\n<p><img loading=\"lazy\" decoding=\"async\" class=\"aligncenter size-full wp-image-1126\" src=\"https:\/\/hubertusherrensohr.de\/wp-content\/uploads\/2018\/07\/IMG_3992-1.jpg\" alt=\"\" width=\"640\" height=\"480\" srcset=\"https:\/\/hubertusherrensohr.de\/wp-content\/uploads\/2018\/07\/IMG_3992-1.jpg 640w, https:\/\/hubertusherrensohr.de\/wp-content\/uploads\/2018\/07\/IMG_3992-1-300x225.jpg 300w\" sizes=\"auto, (max-width: 640px) 100vw, 640px\" \/><\/p>\n<p>&nbsp;<\/p>\n<p><img loading=\"lazy\" decoding=\"async\" class=\"aligncenter size-full wp-image-1127\" src=\"https:\/\/hubertusherrensohr.de\/wp-content\/uploads\/2018\/07\/IMG_4009.jpg\" alt=\"\" width=\"640\" height=\"480\" srcset=\"https:\/\/hubertusherrensohr.de\/wp-content\/uploads\/2018\/07\/IMG_4009.jpg 640w, https:\/\/hubertusherrensohr.de\/wp-content\/uploads\/2018\/07\/IMG_4009-300x225.jpg 300w\" sizes=\"auto, (max-width: 640px) 100vw, 640px\" \/><\/p>\n<p>Ein herzliches Dankesch\u00f6n der\u00a0<strong>Firma Markus Dre\u00dfler aus Dudweiler<\/strong> und den vielen Helfern, die bei der Bauma\u00dfnahme geholfen haben.<\/p>\n","protected":false},"excerpt":{"rendered":"<p>Renovierungsma\u00dfnahmen am 25m Stand Um ver\u00e4nderten gesetzlichen Bestimmungen gerecht zu werden, musste die vordere Br\u00fcstung entfernt und ein Bodengeschossfang gebaut werden. &nbsp; &nbsp; &nbsp; &nbsp; Ein herzliches Dankesch\u00f6n der\u00a0Firma Markus &hellip; <\/p>\n<p class=\"link-more\"><a href=\"https:\/\/hubertusherrensohr.de\/?page_id=1113\" class=\"more-link\"><span class=\"screen-reader-text\">\u201eRenovierung 25m Stand 2014\u201c <\/span>weiterlesen<\/a><\/p>\n","protected":false},"author":2,"featured_media":0,"parent":0,"menu_order":0,"comment_status":"closed","ping_status":"closed","template":"","meta":{"footnotes":""},"class_list":["post-1113","page","type-page","status-publish","hentry"],"_links":{"self":[{"href":"https:\/\/hubertusherrensohr.de\/index.php?rest_route=\/wp\/v2\/pages\/1113","targetHints":{"allow":["GET"]}}],"collection":[{"href":"https:\/\/hubertusherrensohr.de\/index.php?rest_route=\/wp\/v2\/pages"}],"about":[{"href":"https:\/\/hubertusherrensohr.de\/index.php?rest_route=\/wp\/v2\/types\/page"}],"author":[{"embeddable":true,"href":"https:\/\/hubertusherrensohr.de\/index.php?rest_route=\/wp\/v2\/users\/2"}],"replies":[{"embeddable":true,"href":"https:\/\/hubertusherrensohr.de\/index.php?rest_route=%2Fwp%2Fv2%2Fcomments&post=1113"}],"version-history":[{"count":4,"href":"https:\/\/hubertusherrensohr.de\/index.php?rest_route=\/wp\/v2\/pages\/1113\/revisions"}],"predecessor-version":[{"id":1152,"href":"https:\/\/hubertusherrensohr.de\/index.php?rest_route=\/wp\/v2\/pages\/1113\/revisions\/1152"}],"wp:attachment":[{"href":"https:\/\/hubertusherrensohr.de\/index.php?rest_route=%2Fwp%2Fv2%2Fmedia&parent=1113"}],"curies":[{"name":"wp","href":"https:\/\/api.w.org\/{rel}","templated":true}]}}