{"id":123,"date":"2018-03-14T13:33:31","date_gmt":"2018-03-14T13:33:31","guid":{"rendered":"http:\/\/hubertusherrensohr.de\/?page_id=123"},"modified":"2018-07-14T06:31:34","modified_gmt":"2018-07-14T06:31:34","slug":"schiesszeiten","status":"publish","type":"page","link":"https:\/\/hubertusherrensohr.de\/?page_id=123","title":{"rendered":"Schie\u00dfzeiten"},"content":{"rendered":"<p><img loading=\"lazy\" decoding=\"async\" class=\"aligncenter size-large wp-image-268\" src=\"https:\/\/hubertusherrensohr.de\/wp-content\/uploads\/2018\/03\/IMG_6357-1024x768.jpg\" alt=\"\" width=\"525\" height=\"394\" srcset=\"https:\/\/hubertusherrensohr.de\/wp-content\/uploads\/2018\/03\/IMG_6357-1024x768.jpg 1024w, https:\/\/hubertusherrensohr.de\/wp-content\/uploads\/2018\/03\/IMG_6357-300x225.jpg 300w, https:\/\/hubertusherrensohr.de\/wp-content\/uploads\/2018\/03\/IMG_6357-768x576.jpg 768w\" sizes=\"auto, (max-width: 525px) 100vw, 525px\" \/><\/p>\n<p><strong>Unsere Schie\u00dfzeiten:*<\/strong><\/p>\n<p><em><strong>Dienstags &#8211; ca.\u00a0<\/strong><strong>15.30 Uhr &#8211; 20.00 Uhr<\/strong><\/em><br \/>\nLangwaffen (nur Kleinkaliber und Kurzwaffenpatronen)<br \/>\nKurzwaffen (alle Kaliber)<\/p>\n<p><em><strong>Donnerstags &#8211; ca. 15.30 Uhr &#8211; 20.00 Uhr<br \/>\n<\/strong><\/em><span style=\"font-size: 1rem;\">Langwaffen und Kurzwaffen (alle g\u00e4ngigen Kaliber lt. Sportordnung)<\/span><em><strong><br \/>\n<\/strong><\/em><\/p>\n<p><em><strong>Samstags &#8211; 15.00 Uhr &#8211; 20.00 Uhr<br \/>\n<\/strong><\/em><span style=\"font-size: 1rem;\">Langwaffen und Kurzwaffen (alle g\u00e4ngigen Kaliber lt. Sportordnung)<\/span><\/p>\n<p><em><strong>Sonntags &#8211; 10.30 Uhr &#8211; 13.00 Uhr<br \/>\n<\/strong><\/em>Nur Kleinkaliberwaffen<\/p>\n<p>* Die Anfangszeiten sind abh\u00e4ngig davon, wann jemand mit einem Schl\u00fcssel vor Ort ist, um die St\u00e4nde aufzuschlie\u00dfen. Da das Sch\u00fctzenhaus von Vereinsmitgliedern gef\u00fchrt und betreut wird, k\u00f6nnen sich die Anfangszeiten verschieben.<\/p>\n<p>&nbsp;<\/p>\n","protected":false},"excerpt":{"rendered":"<p>Unsere Schie\u00dfzeiten:* Dienstags &#8211; ca.\u00a015.30 Uhr &#8211; 20.00 Uhr Langwaffen (nur Kleinkaliber und Kurzwaffenpatronen) Kurzwaffen (alle Kaliber) Donnerstags &#8211; ca. 15.30 Uhr &#8211; 20.00 Uhr Langwaffen und Kurzwaffen (alle g\u00e4ngigen &hellip; <\/p>\n<p class=\"link-more\"><a href=\"https:\/\/hubertusherrensohr.de\/?page_id=123\" class=\"more-link\"><span class=\"screen-reader-text\">\u201eSchie\u00dfzeiten\u201c <\/span>weiterlesen<\/a><\/p>\n","protected":false},"author":2,"featured_media":0,"parent":0,"menu_order":0,"comment_status":"closed","ping_status":"closed","template":"","meta":{"footnotes":""},"class_list":["post-123","page","type-page","status-publish","hentry"],"_links":{"self":[{"href":"https:\/\/hubertusherrensohr.de\/index.php?rest_route=\/wp\/v2\/pages\/123","targetHints":{"allow":["GET"]}}],"collection":[{"href":"https:\/\/hubertusherrensohr.de\/index.php?rest_route=\/wp\/v2\/pages"}],"about":[{"href":"https:\/\/hubertusherrensohr.de\/index.php?rest_route=\/wp\/v2\/types\/page"}],"author":[{"embeddable":true,"href":"https:\/\/hubertusherrensohr.de\/index.php?rest_route=\/wp\/v2\/users\/2"}],"replies":[{"embeddable":true,"href":"https:\/\/hubertusherrensohr.de\/index.php?rest_route=%2Fwp%2Fv2%2Fcomments&post=123"}],"version-history":[{"count":5,"href":"https:\/\/hubertusherrensohr.de\/index.php?rest_route=\/wp\/v2\/pages\/123\/revisions"}],"predecessor-version":[{"id":1169,"href":"https:\/\/hubertusherrensohr.de\/index.php?rest_route=\/wp\/v2\/pages\/123\/revisions\/1169"}],"wp:attachment":[{"href":"https:\/\/hubertusherrensohr.de\/index.php?rest_route=%2Fwp%2Fv2%2Fmedia&parent=123"}],"curies":[{"name":"wp","href":"https:\/\/api.w.org\/{rel}","templated":true}]}}