{"id":124,"date":"2018-03-14T13:33:31","date_gmt":"2018-03-14T13:33:31","guid":{"rendered":"http:\/\/hubertusherrensohr.de\/?page_id=124"},"modified":"2019-03-16T15:25:58","modified_gmt":"2019-03-16T15:25:58","slug":"unsere-mannschaften","status":"publish","type":"page","link":"https:\/\/hubertusherrensohr.de\/?page_id=124","title":{"rendered":"Unsere Mannschaften"},"content":{"rendered":"<p><strong>Mannschaften des Sch\u00fctzenvereins Herrensohr:<\/strong><\/p>\n<p>Der Sch\u00fctzenverein Hubertus Herrensohr 1908 e.V. nimmt regelm\u00e4\u00dfig an den Rundenk\u00e4mpfen des Saarl\u00e4ndischen Sch\u00fctzenverbandes teil.<\/p>\n<p><strong>1. Gro\u00dfkaliber Kurzwaffe<\/strong><br \/>\nAnsprechpartner: Wolfram Schmelzer<\/p>\n<p><strong>2. Gro\u00dfkaliber Kurzwaffe<\/strong><br \/>\nAnsprechpartner: Kurt Lorenz<\/p>\n<p><strong>3. Gro\u00dfkaliber Kurzwaffe<\/strong><br \/>\nAnsprechpartner: Ansprechpartner im Sch\u00fctzenhaus<\/p>\n<p><strong>Luftgewehr<\/strong><br \/>\nAnsprechpartner: Jochen Schmelzer<\/p>\n<p><strong>1. Luftpistole<\/strong><br \/>\nAnsprechpartnerin: Stephanie Flender<\/p>\n<p><strong>2. Luftpistole<\/strong><br \/>\nAnsprechpartner: Rainer Thielen<\/p>\n<p><strong>1. Sportpistole<br \/>\n<\/strong>Ansprechpartner: Rainer Thielen<\/p>\n<p><strong>2. Sportpistole<br \/>\n<\/strong>Ansprechpartner: Hugo Niehren<\/p>\n","protected":false},"excerpt":{"rendered":"<p>Mannschaften des Sch\u00fctzenvereins Herrensohr: Der Sch\u00fctzenverein Hubertus Herrensohr 1908 e.V. nimmt regelm\u00e4\u00dfig an den Rundenk\u00e4mpfen des Saarl\u00e4ndischen Sch\u00fctzenverbandes teil. 1. Gro\u00dfkaliber Kurzwaffe Ansprechpartner: Wolfram Schmelzer 2. Gro\u00dfkaliber Kurzwaffe Ansprechpartner: Kurt &hellip; <\/p>\n<p class=\"link-more\"><a href=\"https:\/\/hubertusherrensohr.de\/?page_id=124\" class=\"more-link\"><span class=\"screen-reader-text\">\u201eUnsere Mannschaften\u201c <\/span>weiterlesen<\/a><\/p>\n","protected":false},"author":2,"featured_media":0,"parent":0,"menu_order":0,"comment_status":"closed","ping_status":"closed","template":"","meta":{"footnotes":""},"class_list":["post-124","page","type-page","status-publish","hentry"],"_links":{"self":[{"href":"https:\/\/hubertusherrensohr.de\/index.php?rest_route=\/wp\/v2\/pages\/124","targetHints":{"allow":["GET"]}}],"collection":[{"href":"https:\/\/hubertusherrensohr.de\/index.php?rest_route=\/wp\/v2\/pages"}],"about":[{"href":"https:\/\/hubertusherrensohr.de\/index.php?rest_route=\/wp\/v2\/types\/page"}],"author":[{"embeddable":true,"href":"https:\/\/hubertusherrensohr.de\/index.php?rest_route=\/wp\/v2\/users\/2"}],"replies":[{"embeddable":true,"href":"https:\/\/hubertusherrensohr.de\/index.php?rest_route=%2Fwp%2Fv2%2Fcomments&post=124"}],"version-history":[{"count":13,"href":"https:\/\/hubertusherrensohr.de\/index.php?rest_route=\/wp\/v2\/pages\/124\/revisions"}],"predecessor-version":[{"id":1367,"href":"https:\/\/hubertusherrensohr.de\/index.php?rest_route=\/wp\/v2\/pages\/124\/revisions\/1367"}],"wp:attachment":[{"href":"https:\/\/hubertusherrensohr.de\/index.php?rest_route=%2Fwp%2Fv2%2Fmedia&parent=124"}],"curies":[{"name":"wp","href":"https:\/\/api.w.org\/{rel}","templated":true}]}}