{"id":125,"date":"2018-03-14T13:33:31","date_gmt":"2018-03-14T13:33:31","guid":{"rendered":"http:\/\/hubertusherrensohr.de\/?page_id=125"},"modified":"2018-07-14T06:27:58","modified_gmt":"2018-07-14T06:27:58","slug":"oeffnungszeiten-schuetzenhaus","status":"publish","type":"page","link":"https:\/\/hubertusherrensohr.de\/?page_id=125","title":{"rendered":"\u00d6ffnungszeiten Sch\u00fctzenhaus"},"content":{"rendered":"<p><em><strong>Unser Sch\u00fctzenhaus ist ge\u00f6ffnet:*<\/strong><\/em><\/p>\n<p>Dienstags ab ca. 15.30 Uhr<\/p>\n<p>Donnerstags ab ca. 15.30 Uhr<\/p>\n<p>Samstags ab ca. 15.00 Uhr<\/p>\n<p>Sonntags und an Feiertagen ab ca. 10.30 Uhr<\/p>\n<p>* Gerade die Zeiten, wann das Sch\u00fctzenhaus \u00f6ffnet sind abh\u00e4ngig davon, wann jemand mit einem Schl\u00fcssel da ist, da das Sch\u00fctzenhaus ehrenamtlich von Vereinsmitgliedern gef\u00fchrt wird. Von daher kann es bei den Anfangs\u00f6ffnungszeiten Verschiebungen geben.<\/p>\n<p><img loading=\"lazy\" decoding=\"async\" class=\"aligncenter size-large wp-image-212\" src=\"https:\/\/hubertusherrensohr.de\/wp-content\/uploads\/2018\/03\/IMG_0465-1024x768.jpg\" alt=\"\" width=\"525\" height=\"394\" srcset=\"https:\/\/hubertusherrensohr.de\/wp-content\/uploads\/2018\/03\/IMG_0465-1024x768.jpg 1024w, https:\/\/hubertusherrensohr.de\/wp-content\/uploads\/2018\/03\/IMG_0465-300x225.jpg 300w, https:\/\/hubertusherrensohr.de\/wp-content\/uploads\/2018\/03\/IMG_0465-768x576.jpg 768w\" sizes=\"auto, (max-width: 525px) 100vw, 525px\" \/><\/p>\n<p><img loading=\"lazy\" decoding=\"async\" class=\"alignnone size-large wp-image-164\" src=\"https:\/\/hubertusherrensohr.de\/wp-content\/uploads\/2018\/03\/IMG_6628-1024x768.jpg\" alt=\"\" width=\"525\" height=\"394\" srcset=\"https:\/\/hubertusherrensohr.de\/wp-content\/uploads\/2018\/03\/IMG_6628-1024x768.jpg 1024w, https:\/\/hubertusherrensohr.de\/wp-content\/uploads\/2018\/03\/IMG_6628-300x225.jpg 300w, https:\/\/hubertusherrensohr.de\/wp-content\/uploads\/2018\/03\/IMG_6628-768x576.jpg 768w\" sizes=\"auto, (max-width: 525px) 100vw, 525px\" \/><\/p>\n","protected":false},"excerpt":{"rendered":"<p>Unser Sch\u00fctzenhaus ist ge\u00f6ffnet:* Dienstags ab ca. 15.30 Uhr Donnerstags ab ca. 15.30 Uhr Samstags ab ca. 15.00 Uhr Sonntags und an Feiertagen ab ca. 10.30 Uhr * Gerade die &hellip; <\/p>\n<p class=\"link-more\"><a href=\"https:\/\/hubertusherrensohr.de\/?page_id=125\" class=\"more-link\"><span class=\"screen-reader-text\">\u201e\u00d6ffnungszeiten Sch\u00fctzenhaus\u201c <\/span>weiterlesen<\/a><\/p>\n","protected":false},"author":2,"featured_media":0,"parent":0,"menu_order":0,"comment_status":"closed","ping_status":"closed","template":"","meta":{"footnotes":""},"class_list":["post-125","page","type-page","status-publish","hentry"],"_links":{"self":[{"href":"https:\/\/hubertusherrensohr.de\/index.php?rest_route=\/wp\/v2\/pages\/125","targetHints":{"allow":["GET"]}}],"collection":[{"href":"https:\/\/hubertusherrensohr.de\/index.php?rest_route=\/wp\/v2\/pages"}],"about":[{"href":"https:\/\/hubertusherrensohr.de\/index.php?rest_route=\/wp\/v2\/types\/page"}],"author":[{"embeddable":true,"href":"https:\/\/hubertusherrensohr.de\/index.php?rest_route=\/wp\/v2\/users\/2"}],"replies":[{"embeddable":true,"href":"https:\/\/hubertusherrensohr.de\/index.php?rest_route=%2Fwp%2Fv2%2Fcomments&post=125"}],"version-history":[{"count":4,"href":"https:\/\/hubertusherrensohr.de\/index.php?rest_route=\/wp\/v2\/pages\/125\/revisions"}],"predecessor-version":[{"id":1168,"href":"https:\/\/hubertusherrensohr.de\/index.php?rest_route=\/wp\/v2\/pages\/125\/revisions\/1168"}],"wp:attachment":[{"href":"https:\/\/hubertusherrensohr.de\/index.php?rest_route=%2Fwp%2Fv2%2Fmedia&parent=125"}],"curies":[{"name":"wp","href":"https:\/\/api.w.org\/{rel}","templated":true}]}}