{"id":140,"date":"2018-03-14T13:39:02","date_gmt":"2018-03-14T13:39:02","guid":{"rendered":"http:\/\/hubertusherrensohr.de\/?page_id=140"},"modified":"2018-03-14T14:36:16","modified_gmt":"2018-03-14T14:36:16","slug":"anfahrt","status":"publish","type":"page","link":"https:\/\/hubertusherrensohr.de\/?page_id=140","title":{"rendered":"Anfahrt"},"content":{"rendered":"<p>Unser Sch\u00fctzenhaus befindet sich in der (oberen) Karlstr. in Herrensohr.<\/p>\n<p>Achtung: Da das Sch\u00fctzenhaus keine Adresse im herk\u00f6mmlichen Sinn hat, bitte im Navigationssystem die Adresse der Saar-Mosel-Klinik &#8211; Karlstr. 67 &#8211; 66125 Saarbr\u00fccken-Herrensohr eingeben. Dann einfach an der Kirche und Klinik dem Weg in den Wald folgen. Nach ca. 70 Metern ist das Sch\u00fctzenhaus.<\/p>\n<p><img loading=\"lazy\" decoding=\"async\" class=\"aligncenter size-large wp-image-167\" src=\"https:\/\/hubertusherrensohr.de\/wp-content\/uploads\/2018\/03\/Bildschirmfoto-2018-03-14-um-15.33.39-1024x638.jpg\" alt=\"\" width=\"525\" height=\"327\" srcset=\"https:\/\/hubertusherrensohr.de\/wp-content\/uploads\/2018\/03\/Bildschirmfoto-2018-03-14-um-15.33.39-1024x638.jpg 1024w, https:\/\/hubertusherrensohr.de\/wp-content\/uploads\/2018\/03\/Bildschirmfoto-2018-03-14-um-15.33.39-300x187.jpg 300w, https:\/\/hubertusherrensohr.de\/wp-content\/uploads\/2018\/03\/Bildschirmfoto-2018-03-14-um-15.33.39-768x478.jpg 768w\" sizes=\"auto, (max-width: 525px) 100vw, 525px\" \/><\/p>\n","protected":false},"excerpt":{"rendered":"<p>Unser Sch\u00fctzenhaus befindet sich in der (oberen) Karlstr. in Herrensohr. Achtung: Da das Sch\u00fctzenhaus keine Adresse im herk\u00f6mmlichen Sinn hat, bitte im Navigationssystem die Adresse der Saar-Mosel-Klinik &#8211; Karlstr. 67 &hellip; <\/p>\n<p class=\"link-more\"><a href=\"https:\/\/hubertusherrensohr.de\/?page_id=140\" class=\"more-link\"><span class=\"screen-reader-text\">\u201eAnfahrt\u201c <\/span>weiterlesen<\/a><\/p>\n","protected":false},"author":2,"featured_media":0,"parent":0,"menu_order":0,"comment_status":"closed","ping_status":"closed","template":"","meta":{"footnotes":""},"class_list":["post-140","page","type-page","status-publish","hentry"],"_links":{"self":[{"href":"https:\/\/hubertusherrensohr.de\/index.php?rest_route=\/wp\/v2\/pages\/140","targetHints":{"allow":["GET"]}}],"collection":[{"href":"https:\/\/hubertusherrensohr.de\/index.php?rest_route=\/wp\/v2\/pages"}],"about":[{"href":"https:\/\/hubertusherrensohr.de\/index.php?rest_route=\/wp\/v2\/types\/page"}],"author":[{"embeddable":true,"href":"https:\/\/hubertusherrensohr.de\/index.php?rest_route=\/wp\/v2\/users\/2"}],"replies":[{"embeddable":true,"href":"https:\/\/hubertusherrensohr.de\/index.php?rest_route=%2Fwp%2Fv2%2Fcomments&post=140"}],"version-history":[{"count":2,"href":"https:\/\/hubertusherrensohr.de\/index.php?rest_route=\/wp\/v2\/pages\/140\/revisions"}],"predecessor-version":[{"id":168,"href":"https:\/\/hubertusherrensohr.de\/index.php?rest_route=\/wp\/v2\/pages\/140\/revisions\/168"}],"wp:attachment":[{"href":"https:\/\/hubertusherrensohr.de\/index.php?rest_route=%2Fwp%2Fv2%2Fmedia&parent=140"}],"curies":[{"name":"wp","href":"https:\/\/api.w.org\/{rel}","templated":true}]}}