{"id":143,"date":"2018-03-14T13:39:02","date_gmt":"2018-03-14T13:39:02","guid":{"rendered":"http:\/\/hubertusherrensohr.de\/?page_id=143"},"modified":"2018-03-24T08:04:50","modified_gmt":"2018-03-24T08:04:50","slug":"unsere-schiessbahnen","status":"publish","type":"page","link":"https:\/\/hubertusherrensohr.de\/?page_id=143","title":{"rendered":"Unsere Schie\u00dfst\u00e4nde"},"content":{"rendered":"<p><strong>Folgende Schie\u00dfst\u00e4nde stehen unseren Sch\u00fctzen zur Verf\u00fcgung:<\/strong><\/p>\n<p><strong>50 m Stand f\u00fcr Langwaffen<\/strong><\/p>\n<p><img loading=\"lazy\" decoding=\"async\" class=\"aligncenter size-large wp-image-360\" src=\"https:\/\/hubertusherrensohr.de\/wp-content\/uploads\/2018\/03\/IMG_7193-1024x768.jpg\" alt=\"\" width=\"525\" height=\"394\" srcset=\"https:\/\/hubertusherrensohr.de\/wp-content\/uploads\/2018\/03\/IMG_7193-1024x768.jpg 1024w, https:\/\/hubertusherrensohr.de\/wp-content\/uploads\/2018\/03\/IMG_7193-300x225.jpg 300w, https:\/\/hubertusherrensohr.de\/wp-content\/uploads\/2018\/03\/IMG_7193-768x576.jpg 768w\" sizes=\"auto, (max-width: 525px) 100vw, 525px\" \/><\/p>\n<p>&nbsp;<\/p>\n<p><strong>25 m Stand f\u00fcr Kurzwaffen<\/strong><\/p>\n<p><img loading=\"lazy\" decoding=\"async\" class=\"aligncenter size-large wp-image-209\" src=\"https:\/\/hubertusherrensohr.de\/wp-content\/uploads\/2018\/03\/IMG_5638-1024x768.jpg\" alt=\"\" width=\"525\" height=\"394\" srcset=\"https:\/\/hubertusherrensohr.de\/wp-content\/uploads\/2018\/03\/IMG_5638-1024x768.jpg 1024w, https:\/\/hubertusherrensohr.de\/wp-content\/uploads\/2018\/03\/IMG_5638-300x225.jpg 300w, https:\/\/hubertusherrensohr.de\/wp-content\/uploads\/2018\/03\/IMG_5638-768x576.jpg 768w\" sizes=\"auto, (max-width: 525px) 100vw, 525px\" \/><\/p>\n<p>&nbsp;<\/p>\n<p><strong>10 m Stand (Halle) f\u00fcr Druckluftwaffen<\/strong><\/p>\n<p><img loading=\"lazy\" decoding=\"async\" class=\"aligncenter size-large wp-image-361\" src=\"https:\/\/hubertusherrensohr.de\/wp-content\/uploads\/2018\/03\/IMG_7192-1024x768.jpg\" alt=\"\" width=\"525\" height=\"394\" srcset=\"https:\/\/hubertusherrensohr.de\/wp-content\/uploads\/2018\/03\/IMG_7192-1024x768.jpg 1024w, https:\/\/hubertusherrensohr.de\/wp-content\/uploads\/2018\/03\/IMG_7192-300x225.jpg 300w, https:\/\/hubertusherrensohr.de\/wp-content\/uploads\/2018\/03\/IMG_7192-768x576.jpg 768w\" sizes=\"auto, (max-width: 525px) 100vw, 525px\" \/><\/p>\n","protected":false},"excerpt":{"rendered":"<p>Folgende Schie\u00dfst\u00e4nde stehen unseren Sch\u00fctzen zur Verf\u00fcgung: 50 m Stand f\u00fcr Langwaffen &nbsp; 25 m Stand f\u00fcr Kurzwaffen &nbsp; 10 m Stand (Halle) f\u00fcr Druckluftwaffen<\/p>\n","protected":false},"author":2,"featured_media":0,"parent":0,"menu_order":0,"comment_status":"closed","ping_status":"closed","template":"","meta":{"footnotes":""},"class_list":["post-143","page","type-page","status-publish","hentry"],"_links":{"self":[{"href":"https:\/\/hubertusherrensohr.de\/index.php?rest_route=\/wp\/v2\/pages\/143","targetHints":{"allow":["GET"]}}],"collection":[{"href":"https:\/\/hubertusherrensohr.de\/index.php?rest_route=\/wp\/v2\/pages"}],"about":[{"href":"https:\/\/hubertusherrensohr.de\/index.php?rest_route=\/wp\/v2\/types\/page"}],"author":[{"embeddable":true,"href":"https:\/\/hubertusherrensohr.de\/index.php?rest_route=\/wp\/v2\/users\/2"}],"replies":[{"embeddable":true,"href":"https:\/\/hubertusherrensohr.de\/index.php?rest_route=%2Fwp%2Fv2%2Fcomments&post=143"}],"version-history":[{"count":7,"href":"https:\/\/hubertusherrensohr.de\/index.php?rest_route=\/wp\/v2\/pages\/143\/revisions"}],"predecessor-version":[{"id":571,"href":"https:\/\/hubertusherrensohr.de\/index.php?rest_route=\/wp\/v2\/pages\/143\/revisions\/571"}],"wp:attachment":[{"href":"https:\/\/hubertusherrensohr.de\/index.php?rest_route=%2Fwp%2Fv2%2Fmedia&parent=143"}],"curies":[{"name":"wp","href":"https:\/\/api.w.org\/{rel}","templated":true}]}}