{"id":173,"date":"2018-03-14T14:44:59","date_gmt":"2018-03-14T14:44:59","guid":{"rendered":"http:\/\/hubertusherrensohr.de\/?page_id=173"},"modified":"2022-08-13T14:34:57","modified_gmt":"2022-08-13T13:34:57","slug":"dsu","status":"publish","type":"page","link":"https:\/\/hubertusherrensohr.de\/?page_id=173","title":{"rendered":"DSU"},"content":{"rendered":"<p><strong><br \/>\n<img loading=\"lazy\" decoding=\"async\" class=\"aligncenter size-full wp-image-443\" src=\"https:\/\/hubertusherrensohr.de\/wp-content\/uploads\/2018\/03\/logo_top2.gif\" alt=\"\" width=\"119\" height=\"148\" \/><\/strong><\/p>\n<p><strong>Deutsche Schie\u00dfsport Union<\/strong><\/p>\n<p>In unserem Sch\u00fctzenverein gibt es eine Gruppe von Mitgliedern, die regelm\u00e4\u00dfig an Wettbewerben der Deutschen Schie\u00dfsport Union teilnehmen.<\/p>\n<p>Ansprechpartner sind:<br \/>\nMartin Hess und J\u00f6rg Ney<\/p>\n<p>Zum genehmigten Sporthandbuch und weiteren Informationen, bitte hier klicken:<\/p>\n<p><a href=\"http:\/\/www.d-s-u.de\/index.php?id=34&amp;no_cache=1\" target=\"_blank\" rel=\"noopener\">http:\/\/www.d-s-u.de\/index.php?id=34&amp;no_cache=1<\/a><\/p>\n","protected":false},"excerpt":{"rendered":"<p>Deutsche Schie\u00dfsport Union In unserem Sch\u00fctzenverein gibt es eine Gruppe von Mitgliedern, die regelm\u00e4\u00dfig an Wettbewerben der Deutschen Schie\u00dfsport Union teilnehmen. Ansprechpartner sind: Martin Hess und J\u00f6rg Ney Zum genehmigten &hellip; <\/p>\n<p class=\"link-more\"><a href=\"https:\/\/hubertusherrensohr.de\/?page_id=173\" class=\"more-link\"><span class=\"screen-reader-text\">\u201eDSU\u201c <\/span>weiterlesen<\/a><\/p>\n","protected":false},"author":2,"featured_media":0,"parent":0,"menu_order":0,"comment_status":"closed","ping_status":"closed","template":"","meta":{"footnotes":""},"class_list":["post-173","page","type-page","status-publish","hentry"],"_links":{"self":[{"href":"https:\/\/hubertusherrensohr.de\/index.php?rest_route=\/wp\/v2\/pages\/173","targetHints":{"allow":["GET"]}}],"collection":[{"href":"https:\/\/hubertusherrensohr.de\/index.php?rest_route=\/wp\/v2\/pages"}],"about":[{"href":"https:\/\/hubertusherrensohr.de\/index.php?rest_route=\/wp\/v2\/types\/page"}],"author":[{"embeddable":true,"href":"https:\/\/hubertusherrensohr.de\/index.php?rest_route=\/wp\/v2\/users\/2"}],"replies":[{"embeddable":true,"href":"https:\/\/hubertusherrensohr.de\/index.php?rest_route=%2Fwp%2Fv2%2Fcomments&post=173"}],"version-history":[{"count":5,"href":"https:\/\/hubertusherrensohr.de\/index.php?rest_route=\/wp\/v2\/pages\/173\/revisions"}],"predecessor-version":[{"id":2009,"href":"https:\/\/hubertusherrensohr.de\/index.php?rest_route=\/wp\/v2\/pages\/173\/revisions\/2009"}],"wp:attachment":[{"href":"https:\/\/hubertusherrensohr.de\/index.php?rest_route=%2Fwp%2Fv2%2Fmedia&parent=173"}],"curies":[{"name":"wp","href":"https:\/\/api.w.org\/{rel}","templated":true}]}}