{"id":183,"date":"2018-03-14T14:57:34","date_gmt":"2018-03-14T14:57:34","guid":{"rendered":"http:\/\/hubertusherrensohr.de\/?page_id=183"},"modified":"2022-10-17T13:05:09","modified_gmt":"2022-10-17T12:05:09","slug":"schuetzenkoenig","status":"publish","type":"page","link":"https:\/\/hubertusherrensohr.de\/?page_id=183","title":{"rendered":"Sch\u00fctzenk\u00f6nig"},"content":{"rendered":"\n<p><strong>Fabrice Sprengart ist neuer Sch\u00fctzenk\u00f6nig 2022<\/strong><\/p>\n\n\n\n<p>Mit seinen beiden Rittern Michael Schmitt undJ\u00fcrgen Schirra<\/p>\n\n\n\n<figure class=\"wp-block-image size-large\"><img decoding=\"async\" src=\"https:\/\/hubertusherrensohr.de\/wp-content\/uploads\/2022\/10\/schuetzenkoenig_2022-1024x768.jpg\" alt=\"\" class=\"wp-image-2046\"\/><\/figure>\n\n\n\n<p><\/p>\n\n\n<p>\u00a0<\/p>\n<p>\u00a0<\/p>\n<p>\u00a0<\/p>\n<p>\u00a0<\/p>\n<p><strong>Manfred Wilhelm ist neuer Sch\u00fctzenk\u00f6nig 2019<\/strong><\/p>\n<p>Beim diesj\u00e4hrigen K\u00f6nigssschie\u00dfen am 20. Oktober 2018 wurde Manfred Wilhelm Sch\u00fctzenk\u00f6nig. Die beiden Ritter sind Martin Noll und Sandra Sticher.<br \/>Das neue K\u00f6nigshaus von Hubertus Herrensohr wird offiziell ins Amt an der\u00a0<strong>Hubertusfeier am 24.11.2018\u00a0<\/strong>eingef\u00fchrt werden.<\/p>\n<p><img loading=\"lazy\" decoding=\"async\" class=\"aligncenter size-large wp-image-1273\" src=\"https:\/\/hubertusherrensohr.de\/wp-content\/uploads\/2018\/10\/IMG_9129-1024x768.jpeg\" alt=\"\" width=\"525\" height=\"394\" srcset=\"https:\/\/hubertusherrensohr.de\/wp-content\/uploads\/2018\/10\/IMG_9129-1024x768.jpeg 1024w, https:\/\/hubertusherrensohr.de\/wp-content\/uploads\/2018\/10\/IMG_9129-300x225.jpeg 300w, https:\/\/hubertusherrensohr.de\/wp-content\/uploads\/2018\/10\/IMG_9129-768x576.jpeg 768w\" sizes=\"auto, (max-width: 525px) 100vw, 525px\" \/><\/p>\n<p>(1. Ritter Martin Noll &#8211; Sch\u00fctzenk\u00f6nig Manfred Wilhelm &#8211; 2. Ritter Sandra Sticher)<\/p>\n<p>\u00a0<\/p>\n<p>\u00a0<\/p>\n<p><strong>Sch\u00fctzenk\u00f6nig 2018<\/strong><\/p>\n<p><img loading=\"lazy\" decoding=\"async\" class=\"size-large wp-image-188 alignnone\" src=\"https:\/\/hubertusherrensohr.de\/wp-content\/uploads\/2018\/03\/IMG_6795-1024x768.jpg\" alt=\"\" width=\"525\" height=\"394\" srcset=\"https:\/\/hubertusherrensohr.de\/wp-content\/uploads\/2018\/03\/IMG_6795-1024x768.jpg 1024w, https:\/\/hubertusherrensohr.de\/wp-content\/uploads\/2018\/03\/IMG_6795-300x225.jpg 300w, https:\/\/hubertusherrensohr.de\/wp-content\/uploads\/2018\/03\/IMG_6795-768x576.jpg 768w, https:\/\/hubertusherrensohr.de\/wp-content\/uploads\/2018\/03\/IMG_6795.jpg 1280w\" sizes=\"auto, (max-width: 525px) 100vw, 525px\" \/><\/p>\n<p>Das K\u00f6nigshaus des Jahres 2018:<\/p>\n<p>Sch\u00fctzenk\u00f6nig: Heinz Laschinger (Mitte), 1. Ritter Hugo Niehren (rechts) und der 2. Ritter Kurt Lorenz (links).<\/p>\n<p>\u00a0<\/p>\n<p><strong>Sch\u00fctzenk\u00f6nig 2017<\/strong><\/p>\n<p>Im Jahr 2017 war Christian Schaum Sch\u00fctzenk\u00f6nig.<\/p>\n<p>\u00a0<\/p>\n<p><strong>Sch\u00fctzenk\u00f6nig 2016<\/strong><\/p>\n<p><img loading=\"lazy\" decoding=\"async\" class=\"aligncenter size-large wp-image-368\" src=\"https:\/\/hubertusherrensohr.de\/wp-content\/uploads\/2018\/03\/IMG_8804-1024x576.jpg\" alt=\"\" width=\"525\" height=\"295\" \/><\/p>\n<p>Sch\u00fctzenk\u00f6nig Markus Dre\u00dfler, 1. Ritterin Mandy Flender, 2. Ritter J\u00fcrgen Schirra<\/p>","protected":false},"excerpt":{"rendered":"<p>Fabrice Sprengart ist neuer Sch\u00fctzenk\u00f6nig 2022 Mit seinen beiden Rittern Michael Schmitt undJ\u00fcrgen Schirra \u00a0 \u00a0 \u00a0 \u00a0 Manfred Wilhelm ist neuer Sch\u00fctzenk\u00f6nig 2019 Beim diesj\u00e4hrigen K\u00f6nigssschie\u00dfen am 20. Oktober &hellip; <\/p>\n<p class=\"link-more\"><a href=\"https:\/\/hubertusherrensohr.de\/?page_id=183\" class=\"more-link\"><span class=\"screen-reader-text\">\u201eSch\u00fctzenk\u00f6nig\u201c <\/span>weiterlesen<\/a><\/p>\n","protected":false},"author":2,"featured_media":0,"parent":0,"menu_order":0,"comment_status":"closed","ping_status":"closed","template":"","meta":{"footnotes":""},"class_list":["post-183","page","type-page","status-publish","hentry"],"_links":{"self":[{"href":"https:\/\/hubertusherrensohr.de\/index.php?rest_route=\/wp\/v2\/pages\/183","targetHints":{"allow":["GET"]}}],"collection":[{"href":"https:\/\/hubertusherrensohr.de\/index.php?rest_route=\/wp\/v2\/pages"}],"about":[{"href":"https:\/\/hubertusherrensohr.de\/index.php?rest_route=\/wp\/v2\/types\/page"}],"author":[{"embeddable":true,"href":"https:\/\/hubertusherrensohr.de\/index.php?rest_route=\/wp\/v2\/users\/2"}],"replies":[{"embeddable":true,"href":"https:\/\/hubertusherrensohr.de\/index.php?rest_route=%2Fwp%2Fv2%2Fcomments&post=183"}],"version-history":[{"count":7,"href":"https:\/\/hubertusherrensohr.de\/index.php?rest_route=\/wp\/v2\/pages\/183\/revisions"}],"predecessor-version":[{"id":2047,"href":"https:\/\/hubertusherrensohr.de\/index.php?rest_route=\/wp\/v2\/pages\/183\/revisions\/2047"}],"wp:attachment":[{"href":"https:\/\/hubertusherrensohr.de\/index.php?rest_route=%2Fwp%2Fv2%2Fmedia&parent=183"}],"curies":[{"name":"wp","href":"https:\/\/api.w.org\/{rel}","templated":true}]}}