{"id":224,"date":"2018-03-14T16:12:53","date_gmt":"2018-03-14T16:12:53","guid":{"rendered":"http:\/\/hubertusherrensohr.de\/?page_id=224"},"modified":"2018-03-17T11:27:12","modified_gmt":"2018-03-17T11:27:12","slug":"schiesssport-kennenlernen","status":"publish","type":"page","link":"https:\/\/hubertusherrensohr.de\/?page_id=224","title":{"rendered":"Schie\u00dfsport kennenlernen"},"content":{"rendered":"<p><img loading=\"lazy\" decoding=\"async\" class=\"aligncenter size-large wp-image-372\" src=\"https:\/\/hubertusherrensohr.de\/wp-content\/uploads\/2018\/03\/IMG_1996-1024x768.jpg\" alt=\"\" width=\"525\" height=\"394\" \/><\/p>\n<p><strong>Spa\u00df am Schie\u00dfsport?<\/strong><\/p>\n<p>Du willst den Schie\u00dfsport kennenlernen? Kein Problem. In unserem Verein kann man gerne unter Anleitung mit vereinseigenen Waffen den Sport kennenlernen. Komm vorbei und sprich uns einfach an.<\/p>\n<p>&nbsp;<\/p>\n<p><strong>Mitglied werden?<\/strong><\/p>\n<p>Du willst Mitglied in unserem Verein werden, dann folgendem Link folgen:<\/p>\n<p><a href=\"https:\/\/hubertusherrensohr.de\/?page_id=310\">https:\/\/hubertusherrensohr.de\/?page_id=310<\/a><\/p>\n<p>&nbsp;<\/p>\n","protected":false},"excerpt":{"rendered":"<p>Spa\u00df am Schie\u00dfsport? Du willst den Schie\u00dfsport kennenlernen? Kein Problem. In unserem Verein kann man gerne unter Anleitung mit vereinseigenen Waffen den Sport kennenlernen. Komm vorbei und sprich uns einfach &hellip; <\/p>\n<p class=\"link-more\"><a href=\"https:\/\/hubertusherrensohr.de\/?page_id=224\" class=\"more-link\"><span class=\"screen-reader-text\">\u201eSchie\u00dfsport kennenlernen\u201c <\/span>weiterlesen<\/a><\/p>\n","protected":false},"author":2,"featured_media":0,"parent":0,"menu_order":0,"comment_status":"closed","ping_status":"closed","template":"","meta":{"footnotes":""},"class_list":["post-224","page","type-page","status-publish","hentry"],"_links":{"self":[{"href":"https:\/\/hubertusherrensohr.de\/index.php?rest_route=\/wp\/v2\/pages\/224","targetHints":{"allow":["GET"]}}],"collection":[{"href":"https:\/\/hubertusherrensohr.de\/index.php?rest_route=\/wp\/v2\/pages"}],"about":[{"href":"https:\/\/hubertusherrensohr.de\/index.php?rest_route=\/wp\/v2\/types\/page"}],"author":[{"embeddable":true,"href":"https:\/\/hubertusherrensohr.de\/index.php?rest_route=\/wp\/v2\/users\/2"}],"replies":[{"embeddable":true,"href":"https:\/\/hubertusherrensohr.de\/index.php?rest_route=%2Fwp%2Fv2%2Fcomments&post=224"}],"version-history":[{"count":11,"href":"https:\/\/hubertusherrensohr.de\/index.php?rest_route=\/wp\/v2\/pages\/224\/revisions"}],"predecessor-version":[{"id":404,"href":"https:\/\/hubertusherrensohr.de\/index.php?rest_route=\/wp\/v2\/pages\/224\/revisions\/404"}],"wp:attachment":[{"href":"https:\/\/hubertusherrensohr.de\/index.php?rest_route=%2Fwp%2Fv2%2Fmedia&parent=224"}],"curies":[{"name":"wp","href":"https:\/\/api.w.org\/{rel}","templated":true}]}}