{"id":255,"date":"2018-03-15T06:04:21","date_gmt":"2018-03-15T06:04:21","guid":{"rendered":"http:\/\/hubertusherrensohr.de\/?page_id=255"},"modified":"2018-04-07T05:26:46","modified_gmt":"2018-04-07T05:26:46","slug":"sachkunde-aufsicht","status":"publish","type":"page","link":"https:\/\/hubertusherrensohr.de\/?page_id=255","title":{"rendered":"Sachkunde \/ Aufsicht"},"content":{"rendered":"<p>Bei der <em><strong>Sachkundepr\u00fcfung<\/strong><\/em> werden aus den unterschiedlichsten Bereichen des Waffenrechts etc. Fragen ausgew\u00e4hlt. Das Bundesverwaltungsamt hat im Jahr 2010 einen offiziellen Fragenkatalog entwickelt. Hier gehts zum offiziellen <em><strong>Fragenkatalog des Bundesverwaltungsamtes<\/strong><\/em>.<\/p>\n<p><a href=\"https:\/\/hubertusherrensohr.de\/wp-content\/uploads\/2018\/04\/Fragenkatalog_sachkunde_mitAntworten.pdf\">Fragenkatalog_sachkunde_mitAntworten<\/a><\/p>\n<p>&nbsp;<\/p>\n<p><em><strong>Die Sch\u00fctzenkameraden des BDS bieten<\/strong><\/em> in regelm\u00e4\u00dfigen Abst\u00e4nden unter Leitung von Bj\u00f6rn Klotz Lehrg\u00e4nge zur Waffensachkunde und zur Schie\u00dfstandaufsicht an. Hier die Termine f\u00fcr das Jahr 2018.<\/p>\n<p>N\u00e4here Informationen beim LV-9 des BDS. \u00a0 <a href=\"http:\/\/lv9-saar.de\" target=\"_blank\" rel=\"noopener\">http:\/\/lv9-saar.de<\/a>\u00a0 oder\u00a0<a href=\"http:\/\/bktactics.de\" target=\"_blank\" rel=\"noopener\">http:\/\/bktactics.de.<\/a>\u00a0(Mit freundlicher Genehmigung von Bj\u00f6rn Klotz):<\/p>\n<p><img loading=\"lazy\" decoding=\"async\" class=\"aligncenter size-large wp-image-260\" src=\"https:\/\/hubertusherrensohr.de\/wp-content\/uploads\/2018\/03\/IMG_2594-768x1024.png\" alt=\"\" width=\"525\" height=\"700\" srcset=\"https:\/\/hubertusherrensohr.de\/wp-content\/uploads\/2018\/03\/IMG_2594-768x1024.png 768w, https:\/\/hubertusherrensohr.de\/wp-content\/uploads\/2018\/03\/IMG_2594-225x300.png 225w, https:\/\/hubertusherrensohr.de\/wp-content\/uploads\/2018\/03\/IMG_2594.png 1536w\" sizes=\"auto, (max-width: 525px) 100vw, 525px\" \/><\/p>\n<p><img loading=\"lazy\" decoding=\"async\" class=\"aligncenter size-large wp-image-261\" src=\"https:\/\/hubertusherrensohr.de\/wp-content\/uploads\/2018\/03\/IMG_2595-768x1024.png\" alt=\"\" width=\"525\" height=\"700\" srcset=\"https:\/\/hubertusherrensohr.de\/wp-content\/uploads\/2018\/03\/IMG_2595-768x1024.png 768w, https:\/\/hubertusherrensohr.de\/wp-content\/uploads\/2018\/03\/IMG_2595-225x300.png 225w, https:\/\/hubertusherrensohr.de\/wp-content\/uploads\/2018\/03\/IMG_2595.png 1536w\" sizes=\"auto, (max-width: 525px) 100vw, 525px\" \/><\/p>\n<p>Es gibt auch die M\u00f6glichkeit, die Sachkunde beim\u00a0<strong>saarl\u00e4ndischen Sch\u00fctzenbund <\/strong>zu machen. Ausbildungstermine, Anmeldungen und Informationen auf der Website des Sch\u00fctzenbundes.<\/p>\n","protected":false},"excerpt":{"rendered":"<p>Bei der Sachkundepr\u00fcfung werden aus den unterschiedlichsten Bereichen des Waffenrechts etc. Fragen ausgew\u00e4hlt. Das Bundesverwaltungsamt hat im Jahr 2010 einen offiziellen Fragenkatalog entwickelt. Hier gehts zum offiziellen Fragenkatalog des Bundesverwaltungsamtes. &hellip; <\/p>\n<p class=\"link-more\"><a href=\"https:\/\/hubertusherrensohr.de\/?page_id=255\" class=\"more-link\"><span class=\"screen-reader-text\">\u201eSachkunde \/ Aufsicht\u201c <\/span>weiterlesen<\/a><\/p>\n","protected":false},"author":2,"featured_media":0,"parent":0,"menu_order":0,"comment_status":"closed","ping_status":"closed","template":"","meta":{"footnotes":""},"class_list":["post-255","page","type-page","status-publish","hentry"],"_links":{"self":[{"href":"https:\/\/hubertusherrensohr.de\/index.php?rest_route=\/wp\/v2\/pages\/255","targetHints":{"allow":["GET"]}}],"collection":[{"href":"https:\/\/hubertusherrensohr.de\/index.php?rest_route=\/wp\/v2\/pages"}],"about":[{"href":"https:\/\/hubertusherrensohr.de\/index.php?rest_route=\/wp\/v2\/types\/page"}],"author":[{"embeddable":true,"href":"https:\/\/hubertusherrensohr.de\/index.php?rest_route=\/wp\/v2\/users\/2"}],"replies":[{"embeddable":true,"href":"https:\/\/hubertusherrensohr.de\/index.php?rest_route=%2Fwp%2Fv2%2Fcomments&post=255"}],"version-history":[{"count":12,"href":"https:\/\/hubertusherrensohr.de\/index.php?rest_route=\/wp\/v2\/pages\/255\/revisions"}],"predecessor-version":[{"id":738,"href":"https:\/\/hubertusherrensohr.de\/index.php?rest_route=\/wp\/v2\/pages\/255\/revisions\/738"}],"wp:attachment":[{"href":"https:\/\/hubertusherrensohr.de\/index.php?rest_route=%2Fwp%2Fv2%2Fmedia&parent=255"}],"curies":[{"name":"wp","href":"https:\/\/api.w.org\/{rel}","templated":true}]}}