{"id":418,"date":"2018-03-17T12:36:27","date_gmt":"2018-03-17T12:36:27","guid":{"rendered":"http:\/\/hubertusherrensohr.de\/?page_id=418"},"modified":"2018-03-19T21:04:38","modified_gmt":"2018-03-19T21:04:38","slug":"schuetzenverband-saar","status":"publish","type":"page","link":"https:\/\/hubertusherrensohr.de\/?page_id=418","title":{"rendered":"Sch\u00fctzenverband Saar"},"content":{"rendered":"<p><img loading=\"lazy\" decoding=\"async\" class=\"aligncenter size-full wp-image-441\" src=\"https:\/\/hubertusherrensohr.de\/wp-content\/uploads\/2018\/03\/Logo.png\" alt=\"\" width=\"125\" height=\"199\" \/><\/p>\n<p><strong>Sch\u00fctzenverband Saar<\/strong><\/p>\n<p>Der Sch\u00fctzenverein Hubertus Herrensohr 1908 e.V. ist Mitglied des saarl\u00e4ndischen Sch\u00fctzenverbandes. Regelm\u00e4\u00dfig nimmt der Sch\u00fctzenverein an den Rundenk\u00e4mpfen und Meisterschaften des Sch\u00fctzenverbandes teil.<\/p>\n<p>In sportliches Belangen sind die Ansprechpartner:<br \/>\nHans-J\u00fcrgen Weyel<br \/>\nBianca Flender<\/p>\n<p>Alle Fragen um die Mitgliedschaft und sonstige Belange kl\u00e4rt<br \/>\nWolfram Schmelzer<\/p>\n<p>Zum Regelwerk und weiteren Informationen bitte diesem Link folgen:<\/p>\n<p><a href=\"http:\/\/www.schuetzenverband-saar.de\/index.php?id=127\" target=\"_blank\" rel=\"noopener\">http:\/\/www.schuetzenverband-saar.de\/index.php?id=127<\/a><\/p>\n<p>&nbsp;<\/p>\n","protected":false},"excerpt":{"rendered":"<p>Sch\u00fctzenverband Saar Der Sch\u00fctzenverein Hubertus Herrensohr 1908 e.V. ist Mitglied des saarl\u00e4ndischen Sch\u00fctzenverbandes. Regelm\u00e4\u00dfig nimmt der Sch\u00fctzenverein an den Rundenk\u00e4mpfen und Meisterschaften des Sch\u00fctzenverbandes teil. In sportliches Belangen sind die &hellip; <\/p>\n<p class=\"link-more\"><a href=\"https:\/\/hubertusherrensohr.de\/?page_id=418\" class=\"more-link\"><span class=\"screen-reader-text\">\u201eSch\u00fctzenverband Saar\u201c <\/span>weiterlesen<\/a><\/p>\n","protected":false},"author":2,"featured_media":0,"parent":0,"menu_order":0,"comment_status":"closed","ping_status":"closed","template":"","meta":{"footnotes":""},"class_list":["post-418","page","type-page","status-publish","hentry"],"_links":{"self":[{"href":"https:\/\/hubertusherrensohr.de\/index.php?rest_route=\/wp\/v2\/pages\/418","targetHints":{"allow":["GET"]}}],"collection":[{"href":"https:\/\/hubertusherrensohr.de\/index.php?rest_route=\/wp\/v2\/pages"}],"about":[{"href":"https:\/\/hubertusherrensohr.de\/index.php?rest_route=\/wp\/v2\/types\/page"}],"author":[{"embeddable":true,"href":"https:\/\/hubertusherrensohr.de\/index.php?rest_route=\/wp\/v2\/users\/2"}],"replies":[{"embeddable":true,"href":"https:\/\/hubertusherrensohr.de\/index.php?rest_route=%2Fwp%2Fv2%2Fcomments&post=418"}],"version-history":[{"count":6,"href":"https:\/\/hubertusherrensohr.de\/index.php?rest_route=\/wp\/v2\/pages\/418\/revisions"}],"predecessor-version":[{"id":475,"href":"https:\/\/hubertusherrensohr.de\/index.php?rest_route=\/wp\/v2\/pages\/418\/revisions\/475"}],"wp:attachment":[{"href":"https:\/\/hubertusherrensohr.de\/index.php?rest_route=%2Fwp%2Fv2%2Fmedia&parent=418"}],"curies":[{"name":"wp","href":"https:\/\/api.w.org\/{rel}","templated":true}]}}