{"id":428,"date":"2018-03-17T12:47:20","date_gmt":"2018-03-17T12:47:20","guid":{"rendered":"http:\/\/hubertusherrensohr.de\/?page_id=428"},"modified":"2018-09-07T09:38:25","modified_gmt":"2018-09-07T09:38:25","slug":"termine-kreismeisterschaften","status":"publish","type":"page","link":"https:\/\/hubertusherrensohr.de\/?page_id=428","title":{"rendered":"Termine Kreismeisterschaften"},"content":{"rendered":"<p><strong>Termine der Kreismeisterschaften 2018\/2019 des Sch\u00fctzenkreises Saarbr\u00fccken<\/strong><\/p>\n<p><a href=\"https:\/\/hubertusherrensohr.de\/wp-content\/uploads\/2018\/09\/Termine2019.pdf\" target=\"_blank\" rel=\"noopener\">Termine2019<\/a><\/p>\n<p><img loading=\"lazy\" decoding=\"async\" class=\"aligncenter size-large wp-image-1213\" src=\"https:\/\/hubertusherrensohr.de\/wp-content\/uploads\/2018\/09\/Bildschirmfoto-2018-09-07-um-11.34.14-713x1024.jpg\" alt=\"\" width=\"525\" height=\"754\" srcset=\"https:\/\/hubertusherrensohr.de\/wp-content\/uploads\/2018\/09\/Bildschirmfoto-2018-09-07-um-11.34.14-713x1024.jpg 713w, https:\/\/hubertusherrensohr.de\/wp-content\/uploads\/2018\/09\/Bildschirmfoto-2018-09-07-um-11.34.14-209x300.jpg 209w, https:\/\/hubertusherrensohr.de\/wp-content\/uploads\/2018\/09\/Bildschirmfoto-2018-09-07-um-11.34.14-768x1103.jpg 768w, https:\/\/hubertusherrensohr.de\/wp-content\/uploads\/2018\/09\/Bildschirmfoto-2018-09-07-um-11.34.14.jpg 1211w\" sizes=\"auto, (max-width: 525px) 100vw, 525px\" \/> <img loading=\"lazy\" decoding=\"async\" class=\"aligncenter size-large wp-image-1214\" src=\"https:\/\/hubertusherrensohr.de\/wp-content\/uploads\/2018\/09\/Bildschirmfoto-2018-09-07-um-11.34.17-717x1024.jpg\" alt=\"\" width=\"525\" height=\"750\" srcset=\"https:\/\/hubertusherrensohr.de\/wp-content\/uploads\/2018\/09\/Bildschirmfoto-2018-09-07-um-11.34.17-717x1024.jpg 717w, https:\/\/hubertusherrensohr.de\/wp-content\/uploads\/2018\/09\/Bildschirmfoto-2018-09-07-um-11.34.17-210x300.jpg 210w, https:\/\/hubertusherrensohr.de\/wp-content\/uploads\/2018\/09\/Bildschirmfoto-2018-09-07-um-11.34.17-768x1097.jpg 768w, https:\/\/hubertusherrensohr.de\/wp-content\/uploads\/2018\/09\/Bildschirmfoto-2018-09-07-um-11.34.17.jpg 1217w\" sizes=\"auto, (max-width: 525px) 100vw, 525px\" \/><\/p>\n<p>&nbsp;<\/p>\n<p>&nbsp;<\/p>\n<p>&nbsp;<\/p>\n<p><strong>Termine Kreismeisterschaften<\/strong><\/p>\n<p>Wer an den Kreismeisterschaften des Sch\u00fctzenverbandes Saar teilnehmen m\u00f6chte, kann sich auf den Seiten des Sch\u00fctzenkreises Saarbr\u00fccken informieren. Dazu bitte dem Link folfen:<\/p>\n<p><a href=\"http:\/\/www.schuetzenverband-saar.de\/index.php?id=62\" target=\"_blank\" rel=\"noopener\">http:\/\/www.schuetzenverband-saar.de\/index.php?id=62<\/a><\/p>\n<p>&nbsp;<\/p>\n<p>Zu den Terminen der Kreismeisterschaft 2018 bitte dem Link folgen:<\/p>\n<p><a href=\"http:\/\/www.schuetzenverband-saar.de\/fileadmin\/user_upload\/Kreis_Saarbruecken\/Dateien_fuer_Kreismeisterschaften_2017\/Keismeiserschaftstermine_2018.pdf\" target=\"_blank\" rel=\"noopener\">http:\/\/www.schuetzenverband-saar.de\/fileadmin\/user_upload\/Kreis_Saarbruecken\/Dateien_fuer_Kreismeisterschaften_2017\/Keismeiserschaftstermine_2018.pdf<\/a><\/p>\n","protected":false},"excerpt":{"rendered":"<p>Termine der Kreismeisterschaften 2018\/2019 des Sch\u00fctzenkreises Saarbr\u00fccken Termine2019 &nbsp; &nbsp; &nbsp; Termine Kreismeisterschaften Wer an den Kreismeisterschaften des Sch\u00fctzenverbandes Saar teilnehmen m\u00f6chte, kann sich auf den Seiten des Sch\u00fctzenkreises Saarbr\u00fccken &hellip; <\/p>\n<p class=\"link-more\"><a href=\"https:\/\/hubertusherrensohr.de\/?page_id=428\" class=\"more-link\"><span class=\"screen-reader-text\">\u201eTermine Kreismeisterschaften\u201c <\/span>weiterlesen<\/a><\/p>\n","protected":false},"author":2,"featured_media":0,"parent":0,"menu_order":0,"comment_status":"closed","ping_status":"closed","template":"","meta":{"footnotes":""},"class_list":["post-428","page","type-page","status-publish","hentry"],"_links":{"self":[{"href":"https:\/\/hubertusherrensohr.de\/index.php?rest_route=\/wp\/v2\/pages\/428","targetHints":{"allow":["GET"]}}],"collection":[{"href":"https:\/\/hubertusherrensohr.de\/index.php?rest_route=\/wp\/v2\/pages"}],"about":[{"href":"https:\/\/hubertusherrensohr.de\/index.php?rest_route=\/wp\/v2\/types\/page"}],"author":[{"embeddable":true,"href":"https:\/\/hubertusherrensohr.de\/index.php?rest_route=\/wp\/v2\/users\/2"}],"replies":[{"embeddable":true,"href":"https:\/\/hubertusherrensohr.de\/index.php?rest_route=%2Fwp%2Fv2%2Fcomments&post=428"}],"version-history":[{"count":4,"href":"https:\/\/hubertusherrensohr.de\/index.php?rest_route=\/wp\/v2\/pages\/428\/revisions"}],"predecessor-version":[{"id":1216,"href":"https:\/\/hubertusherrensohr.de\/index.php?rest_route=\/wp\/v2\/pages\/428\/revisions\/1216"}],"wp:attachment":[{"href":"https:\/\/hubertusherrensohr.de\/index.php?rest_route=%2Fwp%2Fv2%2Fmedia&parent=428"}],"curies":[{"name":"wp","href":"https:\/\/api.w.org\/{rel}","templated":true}]}}