{"id":447,"date":"2018-03-19T20:33:42","date_gmt":"2018-03-19T20:33:42","guid":{"rendered":"http:\/\/hubertusherrensohr.de\/?page_id=447"},"modified":"2025-06-16T12:49:17","modified_gmt":"2025-06-16T11:49:17","slug":"antrag-%c2%a714-waffg","status":"publish","type":"page","link":"https:\/\/hubertusherrensohr.de\/?page_id=447","title":{"rendered":"Antrag \u00a714 WaffG"},"content":{"rendered":"<p><strong>Antrag \u00a714 Waffengesetz &#8211; Bed\u00fcrfnisantrag<\/strong><\/p>\n<p>Hier geht es zum Bed\u00fcrfnis-Antrag zum Erwerb einer Waffe beim <em><strong>S<\/strong><strong>aarl\u00e4ndischen Sch\u00fctzenbund<\/strong><\/em> (Quelle: Saarl\u00e4ndischer Sch\u00fctzenbund):<\/p>\n<p><a href=\"https:\/\/hubertusherrensohr.de\/wp-content\/uploads\/2018\/03\/Antrag_Paragrah__14_WaffG.pdf\">Antrag_Paragrah__14_WaffG<\/a><\/p>\n<p>Hier geht es zum Formular der\u00a0<em><strong>Deutsche Schie\u00dfsport Union<\/strong><\/em>\u00a0(Quelle www.d-s-u.de):<\/p>\n<p><a href=\"https:\/\/hubertusherrensohr.de\/wp-content\/uploads\/2018\/03\/Waffenbefuerwortung_2018.pdf\">Waffenbefuerwortung_2018<\/a><\/p>\n\n\n<p><br><a href=\"https:\/\/hubertusherrensohr.de\/wp-content\/uploads\/2025\/06\/2025_DSB_svs_beduerfnis_14wffg_nachweis_18_12_.pdf\" target=\"_blank\" rel=\"noreferrer noopener\">Schiessnachweis zu einem Bed\u00fcrfnisantrag<\/a><\/p>\n\n\n\n<p><\/p>\n","protected":false},"excerpt":{"rendered":"<p>Antrag \u00a714 Waffengesetz &#8211; Bed\u00fcrfnisantrag Hier geht es zum Bed\u00fcrfnis-Antrag zum Erwerb einer Waffe beim Saarl\u00e4ndischen Sch\u00fctzenbund (Quelle: Saarl\u00e4ndischer Sch\u00fctzenbund): Antrag_Paragrah__14_WaffG Hier geht es zum Formular der\u00a0Deutsche Schie\u00dfsport Union\u00a0(Quelle www.d-s-u.de): &hellip; <\/p>\n<p class=\"link-more\"><a href=\"https:\/\/hubertusherrensohr.de\/?page_id=447\" class=\"more-link\"><span class=\"screen-reader-text\">\u201eAntrag \u00a714 WaffG\u201c <\/span>weiterlesen<\/a><\/p>\n","protected":false},"author":2,"featured_media":0,"parent":0,"menu_order":0,"comment_status":"closed","ping_status":"closed","template":"","meta":{"footnotes":""},"class_list":["post-447","page","type-page","status-publish","hentry"],"_links":{"self":[{"href":"https:\/\/hubertusherrensohr.de\/index.php?rest_route=\/wp\/v2\/pages\/447","targetHints":{"allow":["GET"]}}],"collection":[{"href":"https:\/\/hubertusherrensohr.de\/index.php?rest_route=\/wp\/v2\/pages"}],"about":[{"href":"https:\/\/hubertusherrensohr.de\/index.php?rest_route=\/wp\/v2\/types\/page"}],"author":[{"embeddable":true,"href":"https:\/\/hubertusherrensohr.de\/index.php?rest_route=\/wp\/v2\/users\/2"}],"replies":[{"embeddable":true,"href":"https:\/\/hubertusherrensohr.de\/index.php?rest_route=%2Fwp%2Fv2%2Fcomments&post=447"}],"version-history":[{"count":6,"href":"https:\/\/hubertusherrensohr.de\/index.php?rest_route=\/wp\/v2\/pages\/447\/revisions"}],"predecessor-version":[{"id":2205,"href":"https:\/\/hubertusherrensohr.de\/index.php?rest_route=\/wp\/v2\/pages\/447\/revisions\/2205"}],"wp:attachment":[{"href":"https:\/\/hubertusherrensohr.de\/index.php?rest_route=%2Fwp%2Fv2%2Fmedia&parent=447"}],"curies":[{"name":"wp","href":"https:\/\/api.w.org\/{rel}","templated":true}]}}