{"id":508,"date":"2018-03-21T08:04:11","date_gmt":"2018-03-21T08:04:11","guid":{"rendered":"http:\/\/hubertusherrensohr.de\/?page_id=508"},"modified":"2024-03-13T15:39:22","modified_gmt":"2024-03-13T14:39:22","slug":"dsu-meldungen","status":"publish","type":"page","link":"https:\/\/hubertusherrensohr.de\/?page_id=508","title":{"rendered":"DSU Meldungen"},"content":{"rendered":"<p><strong>DSU Meldungen<\/strong><\/p>\n<p>Wer an Wettbewerben und Meisterschaften von Hubertus Herrensohr bei er Deutschen Schie\u00dfsport Union teilnehmen m\u00f6chte:<\/p>\n<p>Anmeldung bei J\u00f6rg Ney im Sch\u00fctzenhaus<br \/><strong>NEU:<\/strong><br \/><strong>Um Herr der Lage zu bleiben, wird die Anmeldegeb\u00fchr von Bargeld\u00fcbergabe auf <\/strong><strong>\u00dcberweisung umgestellt.<\/strong><br \/>Details wird der Sportwart dem Anmeldeaushang im Verein beif\u00fcgen.<br \/>Wir bitten hier um Verst\u00e4ndnis: bei dem Aufkommen ist ein \u00dcberblick sonst kaum m\u00f6glich.<\/p>\n<p><strong>\u00a0<\/strong><\/p>\n\n\n<p><\/p>\n","protected":false},"excerpt":{"rendered":"<p>DSU Meldungen Wer an Wettbewerben und Meisterschaften von Hubertus Herrensohr bei er Deutschen Schie\u00dfsport Union teilnehmen m\u00f6chte: Anmeldung bei J\u00f6rg Ney im Sch\u00fctzenhausNEU:Um Herr der Lage zu bleiben, wird die &hellip; <\/p>\n<p class=\"link-more\"><a href=\"https:\/\/hubertusherrensohr.de\/?page_id=508\" class=\"more-link\"><span class=\"screen-reader-text\">\u201eDSU Meldungen\u201c <\/span>weiterlesen<\/a><\/p>\n","protected":false},"author":2,"featured_media":0,"parent":0,"menu_order":0,"comment_status":"closed","ping_status":"closed","template":"","meta":{"footnotes":""},"class_list":["post-508","page","type-page","status-publish","hentry"],"_links":{"self":[{"href":"https:\/\/hubertusherrensohr.de\/index.php?rest_route=\/wp\/v2\/pages\/508","targetHints":{"allow":["GET"]}}],"collection":[{"href":"https:\/\/hubertusherrensohr.de\/index.php?rest_route=\/wp\/v2\/pages"}],"about":[{"href":"https:\/\/hubertusherrensohr.de\/index.php?rest_route=\/wp\/v2\/types\/page"}],"author":[{"embeddable":true,"href":"https:\/\/hubertusherrensohr.de\/index.php?rest_route=\/wp\/v2\/users\/2"}],"replies":[{"embeddable":true,"href":"https:\/\/hubertusherrensohr.de\/index.php?rest_route=%2Fwp%2Fv2%2Fcomments&post=508"}],"version-history":[{"count":11,"href":"https:\/\/hubertusherrensohr.de\/index.php?rest_route=\/wp\/v2\/pages\/508\/revisions"}],"predecessor-version":[{"id":2114,"href":"https:\/\/hubertusherrensohr.de\/index.php?rest_route=\/wp\/v2\/pages\/508\/revisions\/2114"}],"wp:attachment":[{"href":"https:\/\/hubertusherrensohr.de\/index.php?rest_route=%2Fwp%2Fv2%2Fmedia&parent=508"}],"curies":[{"name":"wp","href":"https:\/\/api.w.org\/{rel}","templated":true}]}}