{"id":574,"date":"2018-03-24T08:29:47","date_gmt":"2018-03-24T08:29:47","guid":{"rendered":"http:\/\/hubertusherrensohr.de\/?page_id=574"},"modified":"2018-04-07T06:04:12","modified_gmt":"2018-04-07T06:04:12","slug":"links","status":"publish","type":"page","link":"https:\/\/hubertusherrensohr.de\/?page_id=574","title":{"rendered":"Links"},"content":{"rendered":"<p><strong>Linksammlung:<\/strong><\/p>\n<p>Deutscher Sch\u00fctzenbund: \u00a0<a href=\"http:\/\/www.dsb.de\" target=\"_blank\" rel=\"noopener\">http:\/\/www.dsb.de<\/a><\/p>\n<p>Saarl\u00e4ndischer Sch\u00fctzenverband: \u00a0<a href=\"http:\/\/www.schuetzenverband-saar.de\" target=\"_blank\" rel=\"noopener\">http:\/\/www.schuetzenverband-saar.de<\/a><\/p>\n<p>Sch\u00fctzenkreis Saarbr\u00fccken: \u00a0<a href=\"http:\/\/www.schuetzenverband-saar.de\/index.php?id=62\" target=\"_blank\" rel=\"noopener\">http:\/\/www.schuetzenverband-saar.de\/index.php?id=62<\/a><\/p>\n<p>Deutsche Schie\u00dfsport Union:\u00a0<a href=\"http:\/\/www.d-s-u.de\" target=\"_blank\" rel=\"noopener\">http:\/\/www.d-s-u.de<\/a><\/p>\n<p>Bund Deutscher Sportsch\u00fctzen:\u00a0<a href=\"https:\/\/www.bdsnet.de\" target=\"_blank\" rel=\"noopener\">https:\/\/www.bdsnet.de<\/a><\/p>\n<p>BDS Landesverband Saar: \u00a0<a href=\"http:\/\/www.lv9-saar.de\/\" target=\"_blank\" rel=\"noopener\">http:\/\/www.lv9-saar.de\/<\/a><\/p>\n<hr \/>\n<p>&nbsp;<\/p>\n<p><strong><i>Um sich umfangreich mit dem Waffengesetz auseinanderzusetzen bedarf es einen Blick in die 3 gesetzlichen Verordnungen, die das Waffenrecht in der Bundesrepublik\u00a0Deutschland regeln !!! Diese sind:<\/i><\/strong><\/p>\n<p><em><strong>Waffengesetz WaffG:<\/strong><\/em> \u00a0<a href=\"https:\/\/www.gesetze-im-internet.de\/waffg_2002\/BJNR397010002.html\" target=\"_blank\" rel=\"noopener\">https:\/\/www.gesetze-im-internet.de\/waffg_2002\/BJNR397010002.html<\/a><\/p>\n<p><em><strong>Allgemeine Verwaltungsvorschrift zum Waffengesetz WaffVwV: \u00a0<\/strong><\/em><a href=\"http:\/\/www.dsb.de\/media\/PDF\/Recht\/Waffenrecht\/Aktuelles\/1_Waffenverwaltungsvorschrift_22_03_2012.pdf\" target=\"_blank\" rel=\"noopener\">http:\/\/www.dsb.de\/media\/PDF\/Recht\/Waffenrecht\/Aktuelles\/1_Waffenverwaltungsvorschrift_22_03_2012.pdf<\/a><\/p>\n<p><em><strong>Allgemeine Waffengesetz Verordnung AWaffV: \u00a0<\/strong><\/em><a href=\"https:\/\/www.fwr.de\/fileadmin\/Waffengesetz\/awaffv.pdf\" target=\"_blank\" rel=\"noopener\">https:\/\/www.fwr.de\/fileadmin\/Waffengesetz\/awaffv.pdf<\/a><\/p>\n<p>Waffenrechtliche Regelungen beim Bundesminister des Inneren: \u00a0<a href=\"https:\/\/www.bmi.bund.de\/DE\/themen\/sicherheit\/waffen\/waffenrecht\/waffenrecht-node.html\" target=\"_blank\" rel=\"noopener\">https:\/\/www.bmi.bund.de\/DE\/themen\/sicherheit\/waffen\/waffenrecht\/waffenrecht-node.html<\/a><\/p>\n<hr \/>\n<p><strong>Wichtiges zum Waffenrecht:<\/strong><\/p>\n<p><a href=\"http:\/\/www.dsb.de\/infothek\/recht\/waffenrecht\/wichtigstes-zum-waffenrecht\/\" target=\"_blank\" rel=\"noopener\">http:\/\/www.dsb.de\/infothek\/recht\/waffenrecht\/wichtigstes-zum-waffenrecht\/<\/a><\/p>\n<p>&nbsp;<\/p>\n<p><strong>Einverst\u00e4ndniserkl\u00e4rung der Eltern zur Teilnahmeberechtigung Jugendlicher am Schie\u00dfbetrieb:<\/strong><\/p>\n<p><a href=\"http:\/\/www.dsj-dsb.de\/data\/downloads\/einverst\u00e4ndniserkl\u00e4rung_gem\u00e4\u00df_\u00a7_27_waffg_2011_1.pdf\" target=\"_blank\" rel=\"noopener\">http:\/\/www.dsj-dsb.de\/data\/downloads\/einverst\u00e4ndniserkl\u00e4rung_gem\u00e4\u00df_\u00a7_27_waffg_2011_1.pdf<\/a><\/p>\n","protected":false},"excerpt":{"rendered":"<p>Linksammlung: Deutscher Sch\u00fctzenbund: \u00a0http:\/\/www.dsb.de Saarl\u00e4ndischer Sch\u00fctzenverband: \u00a0http:\/\/www.schuetzenverband-saar.de Sch\u00fctzenkreis Saarbr\u00fccken: \u00a0http:\/\/www.schuetzenverband-saar.de\/index.php?id=62 Deutsche Schie\u00dfsport Union:\u00a0http:\/\/www.d-s-u.de Bund Deutscher Sportsch\u00fctzen:\u00a0https:\/\/www.bdsnet.de BDS Landesverband Saar: \u00a0http:\/\/www.lv9-saar.de\/ &nbsp; Um sich umfangreich mit dem Waffengesetz auseinanderzusetzen bedarf es &hellip; <\/p>\n<p class=\"link-more\"><a href=\"https:\/\/hubertusherrensohr.de\/?page_id=574\" class=\"more-link\"><span class=\"screen-reader-text\">\u201eLinks\u201c <\/span>weiterlesen<\/a><\/p>\n","protected":false},"author":2,"featured_media":0,"parent":0,"menu_order":0,"comment_status":"closed","ping_status":"closed","template":"","meta":{"footnotes":""},"class_list":["post-574","page","type-page","status-publish","hentry"],"_links":{"self":[{"href":"https:\/\/hubertusherrensohr.de\/index.php?rest_route=\/wp\/v2\/pages\/574","targetHints":{"allow":["GET"]}}],"collection":[{"href":"https:\/\/hubertusherrensohr.de\/index.php?rest_route=\/wp\/v2\/pages"}],"about":[{"href":"https:\/\/hubertusherrensohr.de\/index.php?rest_route=\/wp\/v2\/types\/page"}],"author":[{"embeddable":true,"href":"https:\/\/hubertusherrensohr.de\/index.php?rest_route=\/wp\/v2\/users\/2"}],"replies":[{"embeddable":true,"href":"https:\/\/hubertusherrensohr.de\/index.php?rest_route=%2Fwp%2Fv2%2Fcomments&post=574"}],"version-history":[{"count":7,"href":"https:\/\/hubertusherrensohr.de\/index.php?rest_route=\/wp\/v2\/pages\/574\/revisions"}],"predecessor-version":[{"id":752,"href":"https:\/\/hubertusherrensohr.de\/index.php?rest_route=\/wp\/v2\/pages\/574\/revisions\/752"}],"wp:attachment":[{"href":"https:\/\/hubertusherrensohr.de\/index.php?rest_route=%2Fwp%2Fv2%2Fmedia&parent=574"}],"curies":[{"name":"wp","href":"https:\/\/api.w.org\/{rel}","templated":true}]}}