{"id":742,"date":"2018-04-07T05:49:25","date_gmt":"2018-04-07T05:49:25","guid":{"rendered":"http:\/\/hubertusherrensohr.de\/?page_id=742"},"modified":"2018-04-07T06:16:31","modified_gmt":"2018-04-07T06:16:31","slug":"voraussetzungen-altersbeschraenkungen","status":"publish","type":"page","link":"https:\/\/hubertusherrensohr.de\/?page_id=742","title":{"rendered":"Voraussetzungen \/ Altersbeschr\u00e4nkungen"},"content":{"rendered":"<p>Grunds\u00e4tzlich kann der Schie\u00dfsport ab vollendetem 12. Lebensjahr betrieben werden. Die gesetzliche Grundlage hierf\u00fcr ist der \u00a727 Waffengesetz: \u00a0<a href=\"https:\/\/www.gesetze-im-internet.de\/waffg_2002\/__27.html\" target=\"_blank\" rel=\"noopener\">https:\/\/www.gesetze-im-internet.de\/waffg_2002\/__27.html<\/a><\/p>\n<p>Der Deutsche Sch\u00fctzenbund hat auf seiner Seite eine Zusammenfassung zum \u00a727 geschrieben: \u00a0<a href=\"http:\/\/www.dsb.de\/infothek\/recht\/waffenrecht\/wichtigstes-zum-waffenrecht\/\" target=\"_blank\" rel=\"noopener\">http:\/\/www.dsb.de\/infothek\/recht\/waffenrecht\/wichtigstes-zum-waffenrecht\/<\/a><\/p>\n<p>&nbsp;<\/p>\n<p><b><i>Vordruck zur schriftlichen Einverst\u00e4ndniserkl\u00e4rung:<\/i><\/b><\/p>\n<p><a href=\"http:\/\/www.dsj-dsb.de\/data\/downloads\/einverst\u00e4ndniserkl\u00e4rung_gem\u00e4\u00df_\u00a7_27_waffg_2011_1.pdf\" target=\"_blank\" rel=\"noopener\">http:\/\/www.dsj-dsb.de\/data\/downloads\/einverst\u00e4ndniserkl\u00e4rung_gem\u00e4\u00df_\u00a7_27_waffg_2011_1.pdf<\/a><\/p>\n<p>&nbsp;<\/p>\n<p>Die Sch\u00fctzen des Westpf\u00e4hlichen Sch\u00fctzenbundes haben die Altersgrenzen auf einem Flyer zusammengefasst:\u00a0<a href=\"http:\/\/www.wsb1861.de\/wp-content\/uploads\/2011\/08\/Altersvorschriften.pdf\" target=\"_blank\" rel=\"noopener\">http:\/\/www.wsb1861.de\/wp-content\/uploads\/2011\/08\/Altersvorschriften.pdf<\/a><\/p>\n<p>&nbsp;<\/p>\n","protected":false},"excerpt":{"rendered":"<p>Grunds\u00e4tzlich kann der Schie\u00dfsport ab vollendetem 12. Lebensjahr betrieben werden. Die gesetzliche Grundlage hierf\u00fcr ist der \u00a727 Waffengesetz: \u00a0https:\/\/www.gesetze-im-internet.de\/waffg_2002\/__27.html Der Deutsche Sch\u00fctzenbund hat auf seiner Seite eine Zusammenfassung zum \u00a727 &hellip; <\/p>\n<p class=\"link-more\"><a href=\"https:\/\/hubertusherrensohr.de\/?page_id=742\" class=\"more-link\"><span class=\"screen-reader-text\">\u201eVoraussetzungen \/ Altersbeschr\u00e4nkungen\u201c <\/span>weiterlesen<\/a><\/p>\n","protected":false},"author":2,"featured_media":0,"parent":0,"menu_order":0,"comment_status":"closed","ping_status":"closed","template":"","meta":{"footnotes":""},"class_list":["post-742","page","type-page","status-publish","hentry"],"_links":{"self":[{"href":"https:\/\/hubertusherrensohr.de\/index.php?rest_route=\/wp\/v2\/pages\/742","targetHints":{"allow":["GET"]}}],"collection":[{"href":"https:\/\/hubertusherrensohr.de\/index.php?rest_route=\/wp\/v2\/pages"}],"about":[{"href":"https:\/\/hubertusherrensohr.de\/index.php?rest_route=\/wp\/v2\/types\/page"}],"author":[{"embeddable":true,"href":"https:\/\/hubertusherrensohr.de\/index.php?rest_route=\/wp\/v2\/users\/2"}],"replies":[{"embeddable":true,"href":"https:\/\/hubertusherrensohr.de\/index.php?rest_route=%2Fwp%2Fv2%2Fcomments&post=742"}],"version-history":[{"count":5,"href":"https:\/\/hubertusherrensohr.de\/index.php?rest_route=\/wp\/v2\/pages\/742\/revisions"}],"predecessor-version":[{"id":753,"href":"https:\/\/hubertusherrensohr.de\/index.php?rest_route=\/wp\/v2\/pages\/742\/revisions\/753"}],"wp:attachment":[{"href":"https:\/\/hubertusherrensohr.de\/index.php?rest_route=%2Fwp%2Fv2%2Fmedia&parent=742"}],"curies":[{"name":"wp","href":"https:\/\/api.w.org\/{rel}","templated":true}]}}