{"id":78,"date":"2018-03-14T13:02:47","date_gmt":"2018-03-14T13:02:47","guid":{"rendered":"http:\/\/hubertusherrensohr.de\/?page_id=78"},"modified":"2018-03-19T23:14:43","modified_gmt":"2018-03-19T23:14:43","slug":"unser-schuetzenhaus","status":"publish","type":"page","link":"https:\/\/hubertusherrensohr.de\/?page_id=78","title":{"rendered":"Unser Sch\u00fctzenhaus"},"content":{"rendered":"<p><strong>Das Sch\u00fctzenhaus Hubertus Herrensohr 1908 e.V.<\/strong><\/p>\n<p>Unser gem\u00fctlich, liebevoll eingerichtetes Vereinslokal l\u00e4dt ein zum Verweilen. Hier wird Geselligkeit und Kameradschaft gro\u00df geschrieben. Zu den \u00d6ffnungszeiten hei\u00dfen wir gerne Mitglieder und Interessierte am Schie\u00dfsport zu Unterhaltungen und zum regen Austausch rund um den Schie\u00dfsport willkommen.<\/p>\n<p>Wie es aber nun einmal so ist &#8211; viele auch andere Themen von A bis Z werden bis ins kleinste Detail an die Theke ausdiskutiert.<br \/>\nWie gesagt Geselligkeit und Gem\u00fctlichkeit werden gro\u00df geschrieben.<\/p>\n<p>&nbsp;<\/p>\n<p><img loading=\"lazy\" decoding=\"async\" class=\"aligncenter size-large wp-image-374\" src=\"https:\/\/hubertusherrensohr.de\/wp-content\/uploads\/2018\/03\/IMG_1630-1024x768.jpg\" alt=\"\" width=\"525\" height=\"394\" srcset=\"https:\/\/hubertusherrensohr.de\/wp-content\/uploads\/2018\/03\/IMG_1630-1024x768.jpg 1024w, https:\/\/hubertusherrensohr.de\/wp-content\/uploads\/2018\/03\/IMG_1630-300x225.jpg 300w, https:\/\/hubertusherrensohr.de\/wp-content\/uploads\/2018\/03\/IMG_1630-768x576.jpg 768w\" sizes=\"auto, (max-width: 525px) 100vw, 525px\" \/><\/p>\n<p><img loading=\"lazy\" decoding=\"async\" class=\"alignnone size-large wp-image-158\" src=\"https:\/\/hubertusherrensohr.de\/wp-content\/uploads\/2018\/03\/IMG_6227-1024x768.jpg\" alt=\"\" width=\"525\" height=\"394\" srcset=\"https:\/\/hubertusherrensohr.de\/wp-content\/uploads\/2018\/03\/IMG_6227-1024x768.jpg 1024w, https:\/\/hubertusherrensohr.de\/wp-content\/uploads\/2018\/03\/IMG_6227-300x225.jpg 300w, https:\/\/hubertusherrensohr.de\/wp-content\/uploads\/2018\/03\/IMG_6227-768x576.jpg 768w\" sizes=\"auto, (max-width: 525px) 100vw, 525px\" \/><\/p>\n<p><img loading=\"lazy\" decoding=\"async\" class=\"aligncenter size-large wp-image-357\" src=\"https:\/\/hubertusherrensohr.de\/wp-content\/uploads\/2018\/03\/IMG_7195-1024x768.jpg\" alt=\"\" width=\"525\" height=\"394\" srcset=\"https:\/\/hubertusherrensohr.de\/wp-content\/uploads\/2018\/03\/IMG_7195-1024x768.jpg 1024w, https:\/\/hubertusherrensohr.de\/wp-content\/uploads\/2018\/03\/IMG_7195-300x225.jpg 300w, https:\/\/hubertusherrensohr.de\/wp-content\/uploads\/2018\/03\/IMG_7195-768x576.jpg 768w\" sizes=\"auto, (max-width: 525px) 100vw, 525px\" \/><\/p>\n<p><img loading=\"lazy\" decoding=\"async\" class=\"aligncenter size-large wp-image-364\" src=\"https:\/\/hubertusherrensohr.de\/wp-content\/uploads\/2018\/03\/IMG_7197-1024x768.jpg\" alt=\"\" width=\"525\" height=\"394\" srcset=\"https:\/\/hubertusherrensohr.de\/wp-content\/uploads\/2018\/03\/IMG_7197-1024x768.jpg 1024w, https:\/\/hubertusherrensohr.de\/wp-content\/uploads\/2018\/03\/IMG_7197-300x225.jpg 300w, https:\/\/hubertusherrensohr.de\/wp-content\/uploads\/2018\/03\/IMG_7197-768x576.jpg 768w\" sizes=\"auto, (max-width: 525px) 100vw, 525px\" \/><\/p>\n<p>&nbsp;<\/p>\n<p><strong>Grillh\u00fctte am Sch\u00fctzenhaus<\/strong><\/p>\n<p><img loading=\"lazy\" decoding=\"async\" class=\"aligncenter size-large wp-image-358\" src=\"https:\/\/hubertusherrensohr.de\/wp-content\/uploads\/2018\/03\/IMG_7194-1024x768.jpg\" alt=\"\" width=\"525\" height=\"394\" srcset=\"https:\/\/hubertusherrensohr.de\/wp-content\/uploads\/2018\/03\/IMG_7194-1024x768.jpg 1024w, https:\/\/hubertusherrensohr.de\/wp-content\/uploads\/2018\/03\/IMG_7194-300x225.jpg 300w, https:\/\/hubertusherrensohr.de\/wp-content\/uploads\/2018\/03\/IMG_7194-768x576.jpg 768w\" sizes=\"auto, (max-width: 525px) 100vw, 525px\" \/><\/p>\n<p>&nbsp;<\/p>\n<p><strong>25m Stand\u00a0<\/strong><\/p>\n<p><img loading=\"lazy\" decoding=\"async\" class=\"aligncenter size-large wp-image-268\" src=\"https:\/\/hubertusherrensohr.de\/wp-content\/uploads\/2018\/03\/IMG_6357-1024x768.jpg\" alt=\"\" width=\"525\" height=\"394\" srcset=\"https:\/\/hubertusherrensohr.de\/wp-content\/uploads\/2018\/03\/IMG_6357-1024x768.jpg 1024w, https:\/\/hubertusherrensohr.de\/wp-content\/uploads\/2018\/03\/IMG_6357-300x225.jpg 300w, https:\/\/hubertusherrensohr.de\/wp-content\/uploads\/2018\/03\/IMG_6357-768x576.jpg 768w\" sizes=\"auto, (max-width: 525px) 100vw, 525px\" \/><\/p>\n<p>&nbsp;<\/p>\n<p><strong>Das Sch\u00fctzenhaus im Jahr 1958<\/strong><\/p>\n<p><img loading=\"lazy\" decoding=\"async\" class=\"aligncenter size-large wp-image-343\" src=\"https:\/\/hubertusherrensohr.de\/wp-content\/uploads\/2018\/03\/IMG_2540-1024x789.jpg\" alt=\"\" width=\"525\" height=\"405\" srcset=\"https:\/\/hubertusherrensohr.de\/wp-content\/uploads\/2018\/03\/IMG_2540-1024x789.jpg 1024w, https:\/\/hubertusherrensohr.de\/wp-content\/uploads\/2018\/03\/IMG_2540-300x231.jpg 300w, https:\/\/hubertusherrensohr.de\/wp-content\/uploads\/2018\/03\/IMG_2540-768x592.jpg 768w\" sizes=\"auto, (max-width: 525px) 100vw, 525px\" \/><\/p>\n<p>&nbsp;<\/p>\n<p><strong>Hubertusfeier im Jahr 1958<\/strong><\/p>\n<p><img loading=\"lazy\" decoding=\"async\" class=\"aligncenter size-large wp-image-352\" src=\"https:\/\/hubertusherrensohr.de\/wp-content\/uploads\/2018\/03\/IMG_2548-1-1024x700.jpg\" alt=\"\" width=\"525\" height=\"359\" srcset=\"https:\/\/hubertusherrensohr.de\/wp-content\/uploads\/2018\/03\/IMG_2548-1-1024x700.jpg 1024w, https:\/\/hubertusherrensohr.de\/wp-content\/uploads\/2018\/03\/IMG_2548-1-300x205.jpg 300w, https:\/\/hubertusherrensohr.de\/wp-content\/uploads\/2018\/03\/IMG_2548-1-768x525.jpg 768w, https:\/\/hubertusherrensohr.de\/wp-content\/uploads\/2018\/03\/IMG_2548-1.jpg 1885w\" sizes=\"auto, (max-width: 525px) 100vw, 525px\" \/><\/p>\n<p>&nbsp;<\/p>\n<p><strong>Wiederaufbau des Schie\u00dfstandes im Jahr 1953<\/strong><\/p>\n<p><img loading=\"lazy\" decoding=\"async\" class=\"aligncenter size-large wp-image-345\" src=\"https:\/\/hubertusherrensohr.de\/wp-content\/uploads\/2018\/03\/IMG_2538-1024x618.jpg\" alt=\"\" width=\"525\" height=\"317\" srcset=\"https:\/\/hubertusherrensohr.de\/wp-content\/uploads\/2018\/03\/IMG_2538-1024x618.jpg 1024w, https:\/\/hubertusherrensohr.de\/wp-content\/uploads\/2018\/03\/IMG_2538-300x181.jpg 300w, https:\/\/hubertusherrensohr.de\/wp-content\/uploads\/2018\/03\/IMG_2538-768x464.jpg 768w, https:\/\/hubertusherrensohr.de\/wp-content\/uploads\/2018\/03\/IMG_2538.jpg 1993w\" sizes=\"auto, (max-width: 525px) 100vw, 525px\" \/><\/p>\n<p>&nbsp;<\/p>\n<p><strong>Der Schie\u00dfstand 1942<\/strong><\/p>\n<p><img loading=\"lazy\" decoding=\"async\" class=\"aligncenter size-large wp-image-347\" src=\"https:\/\/hubertusherrensohr.de\/wp-content\/uploads\/2018\/03\/IMG_2536-1024x823.jpg\" alt=\"\" width=\"525\" height=\"422\" srcset=\"https:\/\/hubertusherrensohr.de\/wp-content\/uploads\/2018\/03\/IMG_2536-1024x823.jpg 1024w, https:\/\/hubertusherrensohr.de\/wp-content\/uploads\/2018\/03\/IMG_2536-300x241.jpg 300w, https:\/\/hubertusherrensohr.de\/wp-content\/uploads\/2018\/03\/IMG_2536-768x617.jpg 768w\" sizes=\"auto, (max-width: 525px) 100vw, 525px\" \/><\/p>\n<p>&nbsp;<\/p>\n<p><strong>Das Sch\u00fctzenhaus um 1929<\/strong><\/p>\n<p><img loading=\"lazy\" decoding=\"async\" class=\"aligncenter size-large wp-image-349\" src=\"https:\/\/hubertusherrensohr.de\/wp-content\/uploads\/2018\/03\/IMG_2534-1024x489.jpg\" alt=\"\" width=\"525\" height=\"251\" srcset=\"https:\/\/hubertusherrensohr.de\/wp-content\/uploads\/2018\/03\/IMG_2534-1024x489.jpg 1024w, https:\/\/hubertusherrensohr.de\/wp-content\/uploads\/2018\/03\/IMG_2534-300x143.jpg 300w, https:\/\/hubertusherrensohr.de\/wp-content\/uploads\/2018\/03\/IMG_2534-768x367.jpg 768w\" sizes=\"auto, (max-width: 525px) 100vw, 525px\" \/><\/p>\n","protected":false},"excerpt":{"rendered":"<p>Das Sch\u00fctzenhaus Hubertus Herrensohr 1908 e.V. Unser gem\u00fctlich, liebevoll eingerichtetes Vereinslokal l\u00e4dt ein zum Verweilen. Hier wird Geselligkeit und Kameradschaft gro\u00df geschrieben. Zu den \u00d6ffnungszeiten hei\u00dfen wir gerne Mitglieder und &hellip; <\/p>\n<p class=\"link-more\"><a href=\"https:\/\/hubertusherrensohr.de\/?page_id=78\" class=\"more-link\"><span class=\"screen-reader-text\">\u201eUnser Sch\u00fctzenhaus\u201c <\/span>weiterlesen<\/a><\/p>\n","protected":false},"author":2,"featured_media":0,"parent":0,"menu_order":0,"comment_status":"closed","ping_status":"closed","template":"","meta":{"footnotes":""},"class_list":["post-78","page","type-page","status-publish","hentry"],"_links":{"self":[{"href":"https:\/\/hubertusherrensohr.de\/index.php?rest_route=\/wp\/v2\/pages\/78","targetHints":{"allow":["GET"]}}],"collection":[{"href":"https:\/\/hubertusherrensohr.de\/index.php?rest_route=\/wp\/v2\/pages"}],"about":[{"href":"https:\/\/hubertusherrensohr.de\/index.php?rest_route=\/wp\/v2\/types\/page"}],"author":[{"embeddable":true,"href":"https:\/\/hubertusherrensohr.de\/index.php?rest_route=\/wp\/v2\/users\/2"}],"replies":[{"embeddable":true,"href":"https:\/\/hubertusherrensohr.de\/index.php?rest_route=%2Fwp%2Fv2%2Fcomments&post=78"}],"version-history":[{"count":15,"href":"https:\/\/hubertusherrensohr.de\/index.php?rest_route=\/wp\/v2\/pages\/78\/revisions"}],"predecessor-version":[{"id":503,"href":"https:\/\/hubertusherrensohr.de\/index.php?rest_route=\/wp\/v2\/pages\/78\/revisions\/503"}],"wp:attachment":[{"href":"https:\/\/hubertusherrensohr.de\/index.php?rest_route=%2Fwp%2Fv2%2Fmedia&parent=78"}],"curies":[{"name":"wp","href":"https:\/\/api.w.org\/{rel}","templated":true}]}}